{"id":10764,"date":"2022-11-18T18:24:45","date_gmt":"2022-11-18T17:24:45","guid":{"rendered":"https:\/\/www.prus.sosnowiec.pl\/?page_id=10764"},"modified":"2023-01-04T13:13:17","modified_gmt":"2023-01-04T12:13:17","slug":"laboratoria-przyszlosci","status":"publish","type":"page","link":"https:\/\/www.prus.sosnowiec.pl\/index.php\/laboratoria-przyszlosci\/","title":{"rendered":"LABORATORIA PRZYSZ\u0141O\u015aCI"},"content":{"rendered":"<p>&nbsp;<\/p>\n<p><img loading=\"lazy\" decoding=\"async\" class=\"alignnone size-full wp-image-10766 aligncenter\" src=\"https:\/\/serwer1476418.home.pl\/new\/wp-content\/uploads\/2022\/11\/LABORATORIA-2.png\" alt=\"\" width=\"636\" height=\"902\" srcset=\"https:\/\/serwer1476418.home.pl\/new\/wp-content\/uploads\/2022\/11\/LABORATORIA-2.png 636w, https:\/\/serwer1476418.home.pl\/new\/wp-content\/uploads\/2022\/11\/LABORATORIA-2-212x300.png 212w\" sizes=\"auto, (max-width: 636px) 100vw, 636px\" \/><\/p>\n<p>&nbsp;<\/p>\n<p>&nbsp;<\/p>\n<p style=\"text-align: center;\">Laboratoria Przysz\u0142o\u015bci to Program skierowany do szk\u00f3\u0142 podstawowych oraz og\u00f3lnokszta\u0142c\u0105cych szk\u00f3\u0142 artystycznych. Jego celem jest budowanie kompetencji kreatywnych i technicznych w\u015br\u00f3d uczni\u00f3w. W ramach Programu szko\u0142y otrzymaj\u0105 od pa\u0144stwa wsparcie finansowe na zakup wyposa\u017cenia technicznego niezb\u0119dnego do rozwoju umiej\u0119tno\u015bci praktycznych w\u015br\u00f3d dzieci i m\u0142odzie\u017cy.<\/p>\n<p style=\"text-align: center;\">Kreatywne my\u015blenie oraz obs\u0142uga narz\u0119dzi to jedne z podstawowych umiej\u0119tno\u015bci decyduj\u0105cych o rozwoju cywilizacyjnym, gospodarczym i spo\u0142ecznym. Wzrost innowacyjno\u015bci oraz rozw\u00f3j technologiczny spowodowa\u0142, \u017ce umiej\u0119tno\u015bci matematyczne, w zakresie nauk przyrodniczych, technologii i in\u017cynierii s\u0105 dzi\u015b wa\u017cniejsze ni\u017c kiedykolwiek wcze\u015bniej. Laboratoria Przysz\u0142o\u015bci to kolejny krok w stron\u0119 wzmocnienia i uatrakcyjnienia dotychczasowego procesu zdobywania wiedzy i praktycznych umiej\u0119tno\u015bci w tych obszarach przez uczni\u00f3w.<\/p>\n<p style=\"text-align: center;\">W ramach Laboratori\u00f3w Przysz\u0142o\u015bci szko\u0142y otrzymaj\u0105 wsparcie finansowe na zakup wyposa\u017cenia technicznego potrzebnego w kszta\u0142towaniu i rozwijaniu umiej\u0119tno\u015bci manualnych i technicznych, umiej\u0119tno\u015bci samodzielnego i krytycznego my\u015blenia, zdolno\u015bci my\u015blenia matematycznego oraz umiej\u0119tno\u015bci w zakresie nauk przyrodniczych, technologii i in\u017cynierii, stosowania technologii informacyjno-komunikacyjnych, jak r\u00f3wnie\u017c pracy zespo\u0142owej, dobrej organizacji i dbania o porz\u0105dek na stanowisku pracy oraz radzenia sobie w \u017cyciu codziennym. Pe\u0142en zakres wyposa\u017cenia mo\u017cliwego do zakupienia z pozyskanych \u015brodk\u00f3w zosta\u0142 uj\u0119ty w Katalogu wyposa\u017cenia. Wi\u0119cej informacji o projekcie znajduje si\u0119 <a href=\"https:\/\/www.gov.pl\/web\/laboratoria\">TUTAJ<\/a><\/p>\n<p>Zesp\u00f3\u0142 Szk\u00f3\u0142 Og\u00f3lnokszta\u0142c\u0105cych nr 3 w Sosnowcu w ramach programu Laboratoria Przysz\u0142o\u015bci otrzyma\u0142 wsparcie w postaci \u015brodk\u00f3w finansowych w \u0142\u0105cznej wysoko\u015bci 60 000,00 z\u0142.<br \/>\nDo dnia 16.03.2022 wydano 60 000,00 z\u0142 na zakup wyposa\u017cenia wg poni\u017cszej specyfikacji:<\/p>\n<p>1.Spectrum PLA 1kg MIX<br \/>\n2.ZORTRAX M200 Plus Drukarka 3D<br \/>\n3.Notebook HP 250 G8 15,6 FHD\/i3-1005g\/8GB\/SSD<br \/>\n4.Zestaw FORBOT Mistrz Arduino Mikrokontroler<br \/>\n5.Stacja lutownicza 2 w 1 hotair ATTEN AT-8586<br \/>\n6.Kamera SONY HDR-CX405B czarny<br \/>\n7.Statyw fotograficzny 170 cm KF Concept<br \/>\n8.Mikroporty Zestaw bezprzewodowy Comica CVM-WM 100<br \/>\n9.Zestaw lamp studyjnych i akcesori\u00f3w<br \/>\n10.Mikrofon kierunkowy RODE-Go<br \/>\n11.Gimbal Moza AirCross+ Uchwyt Plecek<br \/>\n12.Nikon Aparat D5600 + Obiektyw AF-P 18-55 VR<br \/>\n13.Creality CR- Scan 01 3D Skaner 3D<\/p>\n<h2 style=\"text-align: center;\"><strong><span style=\"color: #0000ff;\">NASZA NAUKA DRUKU NA DRUKARKACH<\/span> <span style=\"color: #ff0000;\">3D<\/span><\/strong><\/h2>\n<p>&nbsp;<\/p>\nngg_shortcode_0_placeholder\n","protected":false},"excerpt":{"rendered":"<p>&nbsp; &nbsp; &nbsp; Laboratoria Przysz\u0142o\u015bci to Program skierowany do szk\u00f3\u0142 podstawowych oraz og\u00f3lnokszta\u0142c\u0105cych szk\u00f3\u0142 artystycznych. Jego celem jest budowanie kompetencji kreatywnych i technicznych w\u015br\u00f3d uczni\u00f3w. W ramach Programu szko\u0142y otrzymaj\u0105 od pa\u0144stwa wsparcie finansowe na zakup wyposa\u017cenia technicznego niezb\u0119dnego do rozwoju umiej\u0119tno\u015bci praktycznych w\u015br\u00f3d dzieci i m\u0142odzie\u017cy. Kreatywne my\u015blenie oraz obs\u0142uga narz\u0119dzi to jedne z [&hellip;]<\/p>\n","protected":false},"author":10,"featured_media":0,"parent":0,"menu_order":0,"comment_status":"closed","ping_status":"closed","template":"","meta":{"ngg_post_thumbnail":0,"footnotes":"","_links_to":"","_links_to_target":""},"class_list":["post-10764","page","type-page","status-publish","hentry"],"_links":{"self":[{"href":"https:\/\/www.prus.sosnowiec.pl\/index.php\/wp-json\/wp\/v2\/pages\/10764","targetHints":{"allow":["GET"]}}],"collection":[{"href":"https:\/\/www.prus.sosnowiec.pl\/index.php\/wp-json\/wp\/v2\/pages"}],"about":[{"href":"https:\/\/www.prus.sosnowiec.pl\/index.php\/wp-json\/wp\/v2\/types\/page"}],"author":[{"embeddable":true,"href":"https:\/\/www.prus.sosnowiec.pl\/index.php\/wp-json\/wp\/v2\/users\/10"}],"replies":[{"embeddable":true,"href":"https:\/\/www.prus.sosnowiec.pl\/index.php\/wp-json\/wp\/v2\/comments?post=10764"}],"version-history":[{"count":5,"href":"https:\/\/www.prus.sosnowiec.pl\/index.php\/wp-json\/wp\/v2\/pages\/10764\/revisions"}],"predecessor-version":[{"id":11212,"href":"https:\/\/www.prus.sosnowiec.pl\/index.php\/wp-json\/wp\/v2\/pages\/10764\/revisions\/11212"}],"wp:attachment":[{"href":"https:\/\/www.prus.sosnowiec.pl\/index.php\/wp-json\/wp\/v2\/media?parent=10764"}],"curies":[{"name":"wp","href":"https:\/\/api.w.org\/{rel}","templated":true}]}}