{"id":11304,"date":"2023-01-27T08:02:10","date_gmt":"2023-01-27T07:02:10","guid":{"rendered":"https:\/\/www.prus.sosnowiec.pl\/?page_id=11304"},"modified":"2026-03-19T09:18:09","modified_gmt":"2026-03-19T08:18:09","slug":"nabor-bursa","status":"publish","type":"page","link":"https:\/\/www.prus.sosnowiec.pl\/index.php\/nabor-bursa\/","title":{"rendered":"Nab\u00f3r Bursa 2026-2027"},"content":{"rendered":"<h1 style=\"text-align: center;\"><span style=\"color: #ff0000;\"><strong>NAB\u00d3R BURSA 2026-2027<\/strong><\/span><\/h1>\n<hr>\n<h2 style=\"text-align: center;\"><span style=\"color: #000000;\"><b>Terminarz rekrutacji wychowank\u00f3w<\/b><\/span><\/h2>\n<h2 style=\"text-align: center;\"><span style=\"color: #000000;\"><b>do ZSO nr 3 \u2013 Bursy Szkolnej w Sosnowcu na rok szkolny 2026\/2027<\/b><\/span><\/h2>\n<h4 style=\"text-align: center;\"><a href=\"https:\/\/serwer1476418.home.pl\/new\/wp-content\/uploads\/2025\/04\/Regulamin-Rekrutacji.pdf\">Regulamin<\/a><\/h4>\n<hr>\n<h3 style=\"text-align: center;\"><span style=\"color: #0000ff;\"><b>Sk\u0142adanie deklaracji kontynuowania zamieszkania w ZSO nr 3 \u2013 Bursie Szkolnej w Sosnowcu<\/b><\/span><\/h3>\n<ul>\n<li style=\"text-align: center;\" aria-level=\"1\">\n<h3><span style=\"color: #000000;\">04. 05. &#8211; 22. 05. 2026 r. &#8211; sk\u0142adanie deklaracji woli kontynuowania zamieszkania w Bursie na rok szkolny 2025\/2026<\/span><\/h3>\n<\/li>\n<li style=\"text-align: center;\" aria-level=\"1\">\n<h3><span style=\"color: #000000;\">29. 05. 2026 r. &#8211; og\u0142oszenie wynik\u00f3w rekrutacji dla m\u0142odzie\u017cy, kt\u00f3ra kontynuuje zamieszkanie w Bursie<\/span><\/h3>\n<\/li>\n<\/ul>\n<hr>\n<h3 style=\"text-align: center;\"><span style=\"color: #000000;\">Rekrutacja nowych kandydat\u00f3w<\/span><\/h3>\n<h2><img loading=\"lazy\" decoding=\"async\" class=\"size-medium wp-image-9075 aligncenter\" src=\"https:\/\/serwer1476418.home.pl\/new\/wp-content\/uploads\/2022\/02\/3d-man-with-under-construction-sign-700-204455908-275x300.jpg\" alt=\"\" width=\"275\" height=\"300\" srcset=\"https:\/\/serwer1476418.home.pl\/new\/wp-content\/uploads\/2022\/02\/3d-man-with-under-construction-sign-700-204455908-275x300.jpg 275w, https:\/\/serwer1476418.home.pl\/new\/wp-content\/uploads\/2022\/02\/3d-man-with-under-construction-sign-700-204455908.jpg 642w\" sizes=\"auto, (max-width: 275px) 100vw, 275px\" \/><\/h2>\n<hr>\n<h3 style=\"text-align: center;\"><b>Rekrutacja uzupe\u0142niaj\u0105ca<\/b><\/h3>\n<p>&nbsp;<\/p>\n<p><img loading=\"lazy\" decoding=\"async\" class=\"size-medium wp-image-9075 aligncenter\" src=\"https:\/\/serwer1476418.home.pl\/new\/wp-content\/uploads\/2022\/02\/3d-man-with-under-construction-sign-700-204455908-275x300.jpg\" alt=\"\" width=\"275\" height=\"300\" srcset=\"https:\/\/serwer1476418.home.pl\/new\/wp-content\/uploads\/2022\/02\/3d-man-with-under-construction-sign-700-204455908-275x300.jpg 275w, https:\/\/serwer1476418.home.pl\/new\/wp-content\/uploads\/2022\/02\/3d-man-with-under-construction-sign-700-204455908.jpg 642w\" sizes=\"auto, (max-width: 275px) 100vw, 275px\" \/><\/p>\n<p>&nbsp;<\/p>\n<h1 style=\"text-align: center;\"><span style=\"color: #000000;\">&nbsp;<\/span><\/h1>\n<p>&nbsp;<\/p>\n<p>&nbsp;<\/p>\n","protected":false},"excerpt":{"rendered":"<p>NAB\u00d3R BURSA 2026-2027 Terminarz rekrutacji wychowank\u00f3w do ZSO nr 3 \u2013 Bursy Szkolnej w Sosnowcu na rok szkolny 2026\/2027 Regulamin Sk\u0142adanie deklaracji kontynuowania zamieszkania w ZSO nr 3 \u2013 Bursie Szkolnej w Sosnowcu 04. 05. &#8211; 22. 05. 2026 r. &#8211; sk\u0142adanie deklaracji woli kontynuowania zamieszkania w Bursie na rok szkolny 2025\/2026 29. 05. 2026 [&hellip;]<\/p>\n","protected":false},"author":10,"featured_media":0,"parent":0,"menu_order":0,"comment_status":"closed","ping_status":"closed","template":"","meta":{"ngg_post_thumbnail":0,"footnotes":"","_links_to":"","_links_to_target":""},"class_list":["post-11304","page","type-page","status-publish","hentry"],"_links":{"self":[{"href":"https:\/\/www.prus.sosnowiec.pl\/index.php\/wp-json\/wp\/v2\/pages\/11304","targetHints":{"allow":["GET"]}}],"collection":[{"href":"https:\/\/www.prus.sosnowiec.pl\/index.php\/wp-json\/wp\/v2\/pages"}],"about":[{"href":"https:\/\/www.prus.sosnowiec.pl\/index.php\/wp-json\/wp\/v2\/types\/page"}],"author":[{"embeddable":true,"href":"https:\/\/www.prus.sosnowiec.pl\/index.php\/wp-json\/wp\/v2\/users\/10"}],"replies":[{"embeddable":true,"href":"https:\/\/www.prus.sosnowiec.pl\/index.php\/wp-json\/wp\/v2\/comments?post=11304"}],"version-history":[{"count":48,"href":"https:\/\/www.prus.sosnowiec.pl\/index.php\/wp-json\/wp\/v2\/pages\/11304\/revisions"}],"predecessor-version":[{"id":20349,"href":"https:\/\/www.prus.sosnowiec.pl\/index.php\/wp-json\/wp\/v2\/pages\/11304\/revisions\/20349"}],"wp:attachment":[{"href":"https:\/\/www.prus.sosnowiec.pl\/index.php\/wp-json\/wp\/v2\/media?parent=11304"}],"curies":[{"name":"wp","href":"https:\/\/api.w.org\/{rel}","templated":true}]}}