{"id":12513,"date":"2023-08-08T11:34:32","date_gmt":"2023-08-08T09:34:32","guid":{"rendered":"https:\/\/www.prus.sosnowiec.pl\/?page_id=12513"},"modified":"2023-08-08T11:40:33","modified_gmt":"2023-08-08T09:40:33","slug":"comenius","status":"publish","type":"page","link":"https:\/\/www.prus.sosnowiec.pl\/index.php\/comenius\/","title":{"rendered":"COMENIUS"},"content":{"rendered":"<p style=\"text-align: center;\">Od 2010 roku nasza szko\u0142a realizuje projekty w ramach programu&nbsp;<strong>COMENIUS<\/strong>.<\/p>\n<p style=\"text-align: center;\">Program<strong>&nbsp;COMENIUS &#8211; PARTNERSKIE PROJEKTY SZK\u00d3\u0141<\/strong>&nbsp;jest to wsp\u00f3\u0142praca szk\u00f3\u0142 z r\u00f3\u017cnych kraj\u00f3w Unii Europejskiej, kt\u00f3ra skutkuje realizacj\u0105 ciekawych zada\u0144, uczeniem si\u0119 od siebie oraz odwiedzaniem kraj\u00f3w partnerskich w celu wymiany zdobytych wiadomo\u015bci i umiej\u0119tno\u015bci.<\/p>\n<p style=\"text-align: center;\">W latach 2010-2012 nasze Gimnazjum realizowa\u0142o taki projekt wraz z 13 krajami partnerskimi. Projekt zatytu\u0142owany&nbsp;<strong><em>&#8222;We are surrounded by water but there is no drop to drink&#8221;<\/em><\/strong> realizowany by\u0142 przez ponad 100 uczni\u00f3w naszego Gimnazjum.<\/p>\n<p>&nbsp;<\/p>\n<p>W roku 2011 zgod\u0119 na realizacj\u0119 projektu COMENIUS otrzyma\u0142o nasze Liceum, kt\u00f3re realizuje zadania projektowe i wymienia si\u0119 zdobytymi wiadomo\u015bciami z pozosta\u0142ymi 9 krajami &#8211; partnerami. Rok szkolny 2012\/2013 jest ostatnim rokiem realizacji projektu&nbsp;<em><strong>&#8222;Unity in Diversity&#8221;.<\/strong><\/em><\/p>\n<p>&nbsp;<\/p>\n<p>W roku szkolnym 2011\/2012 aplikowali\u015bmy o mo\u017cliwo\u015b\u0107 realizacji innych akcji COMENIUSA m.in.:<\/p>\n<p>&nbsp;<\/p>\n<ul>\n<li>Asystentura Comeniusa &#8211; mo\u017cliwo\u015b\u0107 stworzenie przysz\u0142ym nauczycielom z kraj\u00f3w Unii Europejskiej warunk\u00f3w odbycia praktyk pedagogicznych w szko\u0142ach kraj\u00f3w cz\u0142onkowskich.<\/li>\n<li>Wyjazdy Indywidualne Uczni\u00f3w &#8211; umo\u017cliwiamy naszym gimnazjalistom i uczniom liceum sp\u0119dzenie od 3 do 10 miesi\u0119cy w zagranicznej szkole. Uczniowie mieszkaj\u0105 u rodzin goszcz\u0105cych, ucz\u0119szczaj\u0105 do tamtejszej szko\u0142y, zaliczaj\u0105 przedmioty obowi\u0105zkowe ale r\u00f3wnie\u017c uczestnicz\u0105 w zaj\u0119ciach dodatkowych oraz zdobywaj\u0105 umiej\u0119tno\u015bci j\u0119zykowe.<\/li>\n<li>Mobilno\u015b\u0107 Szkolnej Kadry Edukacyjnej &#8211; nasi nauczyciele uczestnicz\u0105c w tej akcji podnosza swoje kwalifikacje poprzez uczestnictwo w kursach szkoleniowych, konferencjach i seminariach organizowanych w r\u00f3\u017cnych krajach europejskich.<\/li>\n<\/ul>\n<p>W 2012 roku nasza szko\u0142a podj\u0119\u0142a r\u00f3wnie\u017c starania o realizacj\u0119 programu ENTER YOUR FUTURE<\/p>\n","protected":false},"excerpt":{"rendered":"<p>Od 2010 roku nasza szko\u0142a realizuje projekty w ramach programu&nbsp;COMENIUS. Program&nbsp;COMENIUS &#8211; PARTNERSKIE PROJEKTY SZK\u00d3\u0141&nbsp;jest to wsp\u00f3\u0142praca szk\u00f3\u0142 z r\u00f3\u017cnych kraj\u00f3w Unii Europejskiej, kt\u00f3ra skutkuje realizacj\u0105 ciekawych zada\u0144, uczeniem si\u0119 od siebie oraz odwiedzaniem kraj\u00f3w partnerskich w celu wymiany zdobytych wiadomo\u015bci i umiej\u0119tno\u015bci. W latach 2010-2012 nasze Gimnazjum realizowa\u0142o taki projekt wraz z 13 krajami [&hellip;]<\/p>\n","protected":false},"author":10,"featured_media":0,"parent":0,"menu_order":0,"comment_status":"closed","ping_status":"closed","template":"","meta":{"ngg_post_thumbnail":0,"footnotes":"","_links_to":"","_links_to_target":""},"class_list":["post-12513","page","type-page","status-publish","hentry"],"_links":{"self":[{"href":"https:\/\/www.prus.sosnowiec.pl\/index.php\/wp-json\/wp\/v2\/pages\/12513","targetHints":{"allow":["GET"]}}],"collection":[{"href":"https:\/\/www.prus.sosnowiec.pl\/index.php\/wp-json\/wp\/v2\/pages"}],"about":[{"href":"https:\/\/www.prus.sosnowiec.pl\/index.php\/wp-json\/wp\/v2\/types\/page"}],"author":[{"embeddable":true,"href":"https:\/\/www.prus.sosnowiec.pl\/index.php\/wp-json\/wp\/v2\/users\/10"}],"replies":[{"embeddable":true,"href":"https:\/\/www.prus.sosnowiec.pl\/index.php\/wp-json\/wp\/v2\/comments?post=12513"}],"version-history":[{"count":5,"href":"https:\/\/www.prus.sosnowiec.pl\/index.php\/wp-json\/wp\/v2\/pages\/12513\/revisions"}],"predecessor-version":[{"id":12522,"href":"https:\/\/www.prus.sosnowiec.pl\/index.php\/wp-json\/wp\/v2\/pages\/12513\/revisions\/12522"}],"wp:attachment":[{"href":"https:\/\/www.prus.sosnowiec.pl\/index.php\/wp-json\/wp\/v2\/media?parent=12513"}],"curies":[{"name":"wp","href":"https:\/\/api.w.org\/{rel}","templated":true}]}}