{"id":12515,"date":"2023-08-08T11:34:43","date_gmt":"2023-08-08T09:34:43","guid":{"rendered":"https:\/\/www.prus.sosnowiec.pl\/?page_id=12515"},"modified":"2026-01-15T14:21:21","modified_gmt":"2026-01-15T13:21:21","slug":"erasmus-2","status":"publish","type":"page","link":"https:\/\/www.prus.sosnowiec.pl\/index.php\/erasmus-2\/","title":{"rendered":"ERASMUS+"},"content":{"rendered":"<p>W roku szkolnym 2016 \/ 2017 Zesp\u00f3\u0142 Szk\u00f3\u0142 Og\u00f3lnokszta\u0142c\u0105cych nr 3 przyst\u0105pi\u0142 do realizacji mi\u0119dzynarodowego projektu&nbsp;<strong>ERASMUS+<\/strong>.<\/p>\n<p>G\u0142\u00f3wnym tematem projektu, kt\u00f3ry b\u0119dzie realizowany przez dwa lata, s\u0105 m\u0142odzi ludzie w Europie:&nbsp;<strong>&#8222;Being young in Europe, being young in education&#8221;.<\/strong><\/p>\n<p>Projekt jest przedsi\u0119wzi\u0119ciem mi\u0119dzynarodowym, w kt\u00f3rym uczestniczy 6 kraj\u00f3w Europy:&nbsp;<strong>Polska, Turcja, Niemcy, Czechy, Austria, W\u0142ochy<\/strong>.<\/p>\n<p>Na ka\u017cdy miesi\u0105c realizacji projektu przewidziano r\u00f3\u017cnorodne zadania, kt\u00f3re maj\u0105 pom\u00f3c uczniom w zg\u0142\u0119bieniu wszystkich wa\u017cnych informacji na temat projektu.<\/p>\n<p>Zadania s\u0105 r\u00f3\u017cnorodne:<\/p>\n<ul>\n<li>pisanie wierszy \/ opowiada\u0144 \/ wypracowa\u0144,<\/li>\n<li>tworzenie prac plastycznych,<\/li>\n<li>poznanie r\u00f3\u017cnych religii, historii i kultur kraj\u00f3w partnerskich,<\/li>\n<li>organizowanie wystaw fotograficznych,<\/li>\n<li>tworzenie strony internetowej i wiele innych.<\/li>\n<\/ul>\n<p>Prace uczni\u00f3w prezentowane s\u0105 na mi\u0119dzynarodowych spotkaniach, kt\u00f3re organizowane s\u0105 przez kraje partnerskie.<\/p>\n<p>Na przestrzeni dw\u00f3ch lat Nasz Zesp\u00f3\u0142 zorganizuje 3 wyjazdy zagraniczne dla naszych uczni\u00f3w pod opiek\u0105 nauczycieli.&nbsp;<br \/>\nNaszymi gospodarzami b\u0119d\u0105:<\/p>\n<ul>\n<li>Niemcy XI 2016 \u2013 wizyta studyjna nauczycieli<\/li>\n<li>Czechy V 2017 &#8211; wizyta uczni\u00f3w i nauczycieli z kraj\u00f3w partnerskich<\/li>\n<li>Austria IX 2017 &#8211; wizyta uczni\u00f3w i nauczycieli z kraj\u00f3w partnerskich<\/li>\n<li>W\u0142ochy I 2018 &#8211; wizyta uczni\u00f3w i nauczycieli z kraj\u00f3w partnerskich<\/li>\n<li>Turcja VI 2018 &#8211; wizyta studyjna nauczycieli<\/li>\n<\/ul>\n<p><strong>W dniach 27 &#8211; 31 MARCA 2017 ROKU NASZA SZKO\u0141A GO\u015aCI\u0141A UCZNI\u00d3W I NAUCZYCIELI Z 5 KRAJ\u00d3W PARTNERSKICH.<\/strong><\/p>\n","protected":false},"excerpt":{"rendered":"<p>W roku szkolnym 2016 \/ 2017 Zesp\u00f3\u0142 Szk\u00f3\u0142 Og\u00f3lnokszta\u0142c\u0105cych nr 3 przyst\u0105pi\u0142 do realizacji mi\u0119dzynarodowego projektu&nbsp;ERASMUS+. G\u0142\u00f3wnym tematem projektu, kt\u00f3ry b\u0119dzie realizowany przez dwa lata, s\u0105 m\u0142odzi ludzie w Europie:&nbsp;&#8222;Being young in Europe, being young in education&#8221;. Projekt jest przedsi\u0119wzi\u0119ciem mi\u0119dzynarodowym, w kt\u00f3rym uczestniczy 6 kraj\u00f3w Europy:&nbsp;Polska, Turcja, Niemcy, Czechy, Austria, W\u0142ochy. Na ka\u017cdy miesi\u0105c [&hellip;]<\/p>\n","protected":false},"author":10,"featured_media":0,"parent":0,"menu_order":0,"comment_status":"closed","ping_status":"closed","template":"","meta":{"ngg_post_thumbnail":0,"footnotes":"","_links_to":"","_links_to_target":""},"class_list":["post-12515","page","type-page","status-publish","hentry"],"_links":{"self":[{"href":"https:\/\/www.prus.sosnowiec.pl\/index.php\/wp-json\/wp\/v2\/pages\/12515","targetHints":{"allow":["GET"]}}],"collection":[{"href":"https:\/\/www.prus.sosnowiec.pl\/index.php\/wp-json\/wp\/v2\/pages"}],"about":[{"href":"https:\/\/www.prus.sosnowiec.pl\/index.php\/wp-json\/wp\/v2\/types\/page"}],"author":[{"embeddable":true,"href":"https:\/\/www.prus.sosnowiec.pl\/index.php\/wp-json\/wp\/v2\/users\/10"}],"replies":[{"embeddable":true,"href":"https:\/\/www.prus.sosnowiec.pl\/index.php\/wp-json\/wp\/v2\/comments?post=12515"}],"version-history":[{"count":2,"href":"https:\/\/www.prus.sosnowiec.pl\/index.php\/wp-json\/wp\/v2\/pages\/12515\/revisions"}],"predecessor-version":[{"id":12523,"href":"https:\/\/www.prus.sosnowiec.pl\/index.php\/wp-json\/wp\/v2\/pages\/12515\/revisions\/12523"}],"wp:attachment":[{"href":"https:\/\/www.prus.sosnowiec.pl\/index.php\/wp-json\/wp\/v2\/media?parent=12515"}],"curies":[{"name":"wp","href":"https:\/\/api.w.org\/{rel}","templated":true}]}}