{"id":14303,"date":"2024-04-23T15:50:07","date_gmt":"2024-04-23T13:50:07","guid":{"rendered":"https:\/\/www.prus.sosnowiec.pl\/?page_id=14303"},"modified":"2025-06-10T14:10:07","modified_gmt":"2025-06-10T12:10:07","slug":"transformersi","status":"publish","type":"page","link":"https:\/\/www.prus.sosnowiec.pl\/index.php\/transformersi\/","title":{"rendered":"Transformersi"},"content":{"rendered":"<div dir=\"auto\">\n<div><strong>Drodzy Uczniowie!<\/strong><\/div>\n<div>Do 14.01.2025 r. trwa rekrutacja do III edycji projektu:&nbsp;<span style=\"font-size: small;\">&nbsp;\u201eTransformersi w szko\u0142ach &#8211; Edukacja na rzecz zielonej transformacji i zachowania kultury g\u00f3rniczej w regionie\u201d realizowanego przez Uniwersytet \u015al\u0105ski w Katowicach .<\/span><\/div>\n<div><span style=\"font-size: small;\">Szkolny koordynator projektu Beata Przyby\u0142a<\/span><\/div>\n<div>&nbsp;<\/div>\n<\/div>\n<p><img loading=\"lazy\" decoding=\"async\" class=\"aligncenter size-full wp-image-15885\" src=\"https:\/\/serwer1476418.home.pl\/new\/wp-content\/uploads\/2025\/01\/Clipboard_01-14-2025_01plakat22.jpg\" alt=\"\" width=\"1039\" height=\"713\" srcset=\"https:\/\/serwer1476418.home.pl\/new\/wp-content\/uploads\/2025\/01\/Clipboard_01-14-2025_01plakat22.jpg 1039w, https:\/\/serwer1476418.home.pl\/new\/wp-content\/uploads\/2025\/01\/Clipboard_01-14-2025_01plakat22-300x206.jpg 300w, https:\/\/serwer1476418.home.pl\/new\/wp-content\/uploads\/2025\/01\/Clipboard_01-14-2025_01plakat22-1024x703.jpg 1024w, https:\/\/serwer1476418.home.pl\/new\/wp-content\/uploads\/2025\/01\/Clipboard_01-14-2025_01plakat22-768x527.jpg 768w\" sizes=\"auto, (max-width: 1039px) 100vw, 1039px\" \/><\/p>\n<div dir=\"auto\">&nbsp;<\/div>\n<h2 style=\"text-align: center;\"><span style=\"color: #339966;\"><strong><em>Miejsca, kt\u00f3re warto odwiedzi\u0107, nie tylko z Transformersami<\/em><\/strong><\/span><\/h2>\n<p><strong><em>&nbsp;<\/em><\/strong><\/p>\n<p>&nbsp;&nbsp;&nbsp;&nbsp; Region, w kt\u00f3rym \u017cyjemy, posiada wiele atrakcyjnych miejsc, kt\u00f3re warto odwiedzi\u0107.&nbsp; Dla ka\u017cdego znajdzie si\u0119 co\u015b ciekawego.&nbsp;<\/p>\n<p>&nbsp;&nbsp;&nbsp;&nbsp; Uczniowie klasy 2c LO przekonali si\u0119 o tym w czasie kolejnych wyjazd\u00f3w z Transformersami.<\/p>\n<p>&nbsp;<\/p>\n<p>&nbsp;&nbsp;&nbsp;&nbsp; Osoby zainteresowane histori\u0105 regionu, zabytkami techniki g\u00f3rniczej oraz dawnym \u017cyciem codziennym g\u00f3rnik\u00f3w, koniecznie powinny odwiedzi\u0107 zabytkowa dzielnic\u0119 Katowic &#8211; Nikiszowiec.<\/p>\n<p>&nbsp;&nbsp;&nbsp; Nas zadziwi\u0142 \u201ewyj\u0105tkowy\u201d charakter osiedla mieszkalnego, kt\u00f3re powsta\u0142o ju\u017c na pocz\u0105tku XX wieku. Od momentu projektowania dedykowane rodzinom g\u00f3rniczym, okaza\u0142o si\u0119 by\u0107 bardzo nowoczesne i starannie zaplanowane. W\u0142a\u015bciciele kopalni &#8222;Giesche&#8221;&nbsp; pomy\u015bleli o wszystkim, co u\u0142atwia\u0142o codzienne funkcjonowanie ich pracownikom.&nbsp;<\/p>\n<p>&nbsp;&nbsp; Zobaczyli\u015bmy plan dzielnicy, kt\u00f3ry by\u0142 dostosowywany do zmieniaj\u0105cych si\u0119 potrzeb mieszka\u0144c\u00f3w. Mieli oni do dyspozycji miejsca spotka\u0144 i zabaw, urz\u0105d pocztowy, dwie szko\u0142y, przedszkole, bibliotek\u0119, \u0142a\u017anie miejsk\u0105 oraz sklepy i restauracje. A w centrum znajdowa\u0142 si\u0119 ko\u015bci\u00f3\u0142 p. w. \u015bw. Anny.&nbsp;<\/p>\n<p>&nbsp;&nbsp; Wszystkie domy posiada\u0142y elementy ozdobne \u015bwiadcz\u0105ce o profesji mieszka\u0144c\u00f3w oraz charakterystyczne czerwone &nbsp;r\u00f3\u017ce. Budowano je tak, aby do mieszka\u0144 wpada\u0142o jak najwi\u0119cej \u015bwiat\u0142a.&nbsp; &nbsp;&nbsp;&nbsp;&nbsp;&nbsp;<\/p>\n<p>Jednym s\u0142owem, godna podziwu dba\u0142o\u015b\u0107 o \u00f3wczesnych pracownik\u00f3w.<\/p>\n<p>&nbsp;&nbsp; W czasie zwiedzania spr\u00f3bowali\u015bmy i mo\u017cemy poleci\u0107 pyszne dro\u017cd\u017c\u00f3wki&nbsp; i typowo \u015bl\u0105skie dania<\/p>\n<p>w tamtejszych \u201ejad\u0142odajniach\u201d.<\/p>\n<p>&nbsp;<\/p>\n<p>&nbsp;&nbsp; Je\u015bli kto\u015b woli kontakt z natur\u0105, to powinien odwiedzi\u0107 zesp\u00f3\u0142 przyrodniczo-krajobrazowy <em><strong>\u017babie Do\u0142y, <\/strong><\/em><em>kt\u00f3ry<\/em> znajduje si\u0119 u styku granic trzech du\u017cych, \u015bl\u0105skich miast: Bytomia, Chorzowa i Piekar \u015al\u0105skich.<\/p>\n<p>&nbsp;&nbsp; Przy pi\u0119knej s\u0142onecznej pogodzie znale\u017ali\u015bmy tam sporo cienia, \u015bwie\u017cego le\u015bnego powietrza oraz liczne gatunki ro\u015blin i owad\u00f3w charakterystycznych dla torfowisk. Wiele z nich znajduje si\u0119 pod ochron\u0105. Mi\u0119dzy innymi uda\u0142o nam si\u0119 zobaczy\u0107 mi\u0119so\u017cern\u0105 ro\u015blin\u0119 <strong><em>kufel<\/em><\/strong>, kt\u00f3ra zjadaj\u0105c p\u0119draki pozyskuje azot w \u015brodowisku ubogim w ten pierwiastek.&nbsp; Obserwowali\u015bmy krzaki \u017curawiny w ich naturalnym \u015brodowisku i poznali\u015bmy ro\u015blin\u0119 <strong><em>bagno pospolite<\/em><\/strong>, kt\u00f3r\u0105 dawniej u\u017cywano do odstraszania moli odzie\u017cowych.<\/p>\n<p>&nbsp;&nbsp; Wo\u0144 i smak niekt\u00f3rych ro\u015blin mogli\u015bmy nawet sprawdzi\u0107 organoleptycznie.<\/p>\n<p>&nbsp;&nbsp;&nbsp; Najwi\u0119ksz\u0105 atrakcj\u0105 by\u0142y oczywi\u015bcie g\u0142o\u015bno rechocz\u0105ce \u017caby, kt\u00f3re w tym czasie poszukiwa\u0142y swoich partner\u00f3w.<\/p>\n<p>&nbsp;&nbsp;&nbsp; Dowiedzieli\u015bmy si\u0119 jak zbudowane jest bagno i &nbsp;torfowisko i jakie posiada zalety.<\/p>\n<p>Wiedz\u0119 t\u0105 naukowcy Wydzia\u0142u Przyrodniczego Uniwersytetu \u015al\u0105skiego postanowili wykorzysta\u0107 do \u0142agodzenia skutk\u00f3w miejskiej \u201ebetonozy\u201d.&nbsp; Mieli\u015bmy okazj\u0119 zwiedzi\u0107 w Katowicach miejsca, gdzie funkcjonuj\u0105 tzw. <strong><em>zielone dachy<\/em><\/strong>.<\/p>\n<p>&nbsp; Poznali\u015bmy w mikroskali ich konstrukcj\u0119 oraz dzia\u0142anie.<\/p>\n<p>&nbsp;&nbsp; Systemy zielonych dach\u00f3w posiadaj\u0105 ju\u017c najnowocze\u015bniejsze wie\u017cowce budowane w centrum Katowic.&nbsp;<\/p>\n<p>Ich celem jest gromadzenie wody deszczowej oraz ch\u0142odzenie w upalne dni i zatrzymywanie ciep\u0142a w zimne.<\/p>\n<p>&nbsp;<\/p>\n<p>&nbsp;&nbsp; Zapraszamy do obejrzenia zdj\u0119\u0107. \ud83d\ude42<\/p>\nngg_shortcode_0_placeholder\n<h2 style=\"text-align: center;\"><span style=\"color: #339966;\">Tr<strong>ansformersi z Prusa znowu w drodze<\/strong><\/span><\/h2>\n<p>&nbsp;<\/p>\n<p>&nbsp;&nbsp;&nbsp;&nbsp;&nbsp; G\u00f3rny \u015al\u0105sk od lat uwa\u017cany by\u0142 za najbardziej zanieczyszczony rejon Polski.<\/p>\n<p>Szybki rozw\u00f3j przemys\u0142u i jednoczesny brak dba\u0142o\u015bci o \u015brodowisko przyrodnicze sprawi\u0142y, \u017ce krajobraz miejsca, w kt\u00f3rym \u017cyjemy, by\u0142 naznaczony szarymi budynkami fabryk, kopalni, elektrowni oraz dymi\u0105cymi kominami. W ich pobli\u017cu znajdowa\u0142y si\u0119 niebezpieczne pyl\u0105ce ha\u0142dy lub ogromne dziury w ziemi, z kt\u00f3rych wydobywano minera\u0142y.<\/p>\n<p>&nbsp;&nbsp;&nbsp;&nbsp;&nbsp; Mieszka\u0144cy \u015al\u0105ska i Zag\u0142\u0119bia mogli przyzwyczai\u0107 si\u0119 do krajobrazu, ale nie do chor\u00f3b, kt\u00f3re wynika\u0142y z zanieczyszczenia powietrza, gleby i wody.<\/p>\n<p>&nbsp;&nbsp;&nbsp;&nbsp;&nbsp; Zmiany w strukturze przemys\u0142u oraz badania i dzia\u0142ania podejmowane przez pracownik\u00f3w wy\u017cszych uczelni sprawi\u0142y, \u017ce sytuacja ulega ci\u0105g\u0142ej poprawie.<\/p>\n<p>&nbsp;&nbsp;&nbsp;&nbsp;&nbsp; Ha\u0142dy zaczyna porasta\u0107 ziele\u0144, zag\u0142\u0119bienia po piaskowniach wype\u0142nia si\u0119 wod\u0105, a opuszczone budynki poprzemys\u0142owe staj\u0105 si\u0119 miejscami kultury.<\/p>\n<p>&nbsp;&nbsp;&nbsp;&nbsp;&nbsp; Uczniowie profilu biologiczno \u2013chemicznego naszego liceum, mieli okazj\u0119 zaobserwowa\u0107 te zmiany bezpo\u015brednio w terenie oraz pozna\u0107 miejsca i metody pracy naukowc\u00f3w.<\/p>\n<p>&nbsp;&nbsp;&nbsp;&nbsp;&nbsp; Widzieli\u015bmy sk\u0142adowiska poflotacyjne,&nbsp; pohutnicze&nbsp; i zalewiska pog\u00f3rnicze oraz ha\u0142d\u0119 Saturn. Poznali\u015bmy genez\u0119 Pustyni B\u0142\u0119dowskiej. Zwiedzili\u015bmy Muzeum Kopalni Wiedzy o Cynku w Bukownie oraz&nbsp; Galeri\u0119 Sztuki Wsp\u00f3\u0142czesnej Elektrownia w Czeladzi.<\/p>\n<p>&nbsp;&nbsp;&nbsp;&nbsp;&nbsp; Zachwyci\u0142 nas widok naszego miasta, jaki ukaza\u0142 si\u0119, ze Stacji Czytania Krajobrazu, znajduj\u0105cej si\u0119 na najwy\u017cszym pi\u0119trze Wydzia\u0142u Nauk Przyrodniczych (88 m), popularnej \u017bylety.<\/p>\n<p>&nbsp;&nbsp;&nbsp;&nbsp;&nbsp; Pracowali\u015bmy w Sali komputerowej WNP omawiaj\u0105c miejskie wyspy ciep\u0142a.<\/p>\n<p>&nbsp;<\/p>\nngg_shortcode_1_placeholder\n<h2><span style=\"color: #339966;\">\u201eTransformersi w szko\u0142ach \u2013 edukacja na rzecz zielonej transformacji i zachowania kultury g\u00f3rniczej w regionie\u201d<\/span><\/h2>\n<p>&nbsp;&nbsp;&nbsp;&nbsp;&nbsp;&nbsp; \u201eTransformersi\u201d, to pierwszy ca\u0142o\u015bciowy projekt edukacyjny Uniwersytetu \u015al\u0105skiego po\u015bwi\u0119cony transformacji energetycznej i zmianom klimatycznym. Klasa 2c LO, uczestnicz\u0105ca w kolejnej edycji projektu, tym razem wyjecha\u0142a w plener z prowadz\u0105c\u0105 dr hab. Iwon\u0105 Jelonek, prof. U\u015a.<\/p>\n<p>&nbsp;&nbsp;&nbsp;&nbsp;&nbsp;&nbsp; Zaj\u0119cia terenowe obejmowa\u0142y dwa tematy:<\/p>\n<ol>\n<li><strong>Najnowsze trendy w rewitalizacji i rekultywacji region\u00f3w dotkni\u0119tych skutkami d\u0142ugotrwa\u0142ej <\/strong><\/li>\n<\/ol>\n<p><strong>&nbsp;&nbsp;&nbsp;&nbsp;&nbsp;&nbsp;&nbsp;&nbsp;&nbsp;&nbsp;&nbsp; dzia\u0142alno\u015bci przemys\u0142u ci\u0119\u017ckiego.&nbsp; <\/strong><\/p>\n<p><strong>&nbsp;&nbsp;&nbsp;&nbsp;&nbsp;&nbsp;&nbsp;&nbsp;&nbsp;&nbsp;&nbsp;&nbsp;&nbsp; <\/strong>&nbsp;oraz<\/p>\n<ol start=\"2\">\n<li><strong> Biomasa i odnawialne \u017ar\u00f3d\u0142a energii (OZE).<\/strong><\/li>\n<\/ol>\n<p><strong>&nbsp;<\/strong><\/p>\n<p>&nbsp;&nbsp;&nbsp;&nbsp; Zwiedzili\u015bmy zrekultywowan\u0105 ha\u0142d\u0119 pog\u00f3rnicz\u0105 i pohutnicz\u0105 w Jaworznie &#8211; &#8222;Park Angielski&#8221; oraz Arboretum<\/p>\n<p>na Gr\u00f3dku w Jaworznie.<\/p>\n<p>&nbsp;&nbsp;&nbsp;&nbsp; Przeszli\u015bmy przez Planty Jaworznickie, poznaj\u0105c histori\u0119 tego miejsca po by\u0142ej kopalni Jaworzno, do Centrum Pozyskiwania Energii z Biomasy, gdzie przedstawiono nam min. wytwarzanie pellet\u00f3w z biomasy zielnej, jak dzia\u0142a instalacja wodorowa, magazyny energii. Dowiedzieli\u015bmy si\u0119, jak w niedalekiej przysz\u0142o\u015bci mo\u017ce wygl\u0105da\u0107 ekologiczny dom.<\/p>\n<p>&nbsp;&nbsp;&nbsp;&nbsp; Pogoda dopisa\u0142a. Wiosenna ziele\u0144 i kwiaty sprawi\u0142y, \u017ce czuli\u015bmy si\u0119, jak na wakacjach.<\/p>\n<p>Trudno by\u0142o uwierzy\u0107, \u017ce te tereny by\u0142y kiedy\u015b szare, brudne i niebezpieczne dla mieszka\u0144c\u00f3w tego regionu.<\/p>\n<p>&nbsp;&nbsp;&nbsp;&nbsp; Obecnie przyci\u0105gaj\u0105 pi\u0119knem przyrody i atrakcjami turystycznymi dedykowanymi ca\u0142ym rodzinom.<\/p>\n<p>&nbsp;<\/p>\nngg_shortcode_2_placeholder\n<h3 dir=\"auto\" style=\"text-align: center;\"><span style=\"color: #008000;\"><strong>Warsztaty terenowe &#8222;Transformersi&#8221;.&nbsp; 16-05-2024<\/strong><\/span><\/h3>\n<div dir=\"auto\">\n<div>16 maja 2024r. klasa IIA liceum uczestniczy\u0142a w warsztatach terenowych&nbsp;<\/div>\n<div dir=\"auto\">w ramach projektu \u201eTransformersi- edukacja na rzecz zielonej transformacji&nbsp;<\/div>\n<div dir=\"auto\">i zachowania kultury g\u00f3rniczej w regionie&#8221;.&nbsp;Uczniowie odwiedzili muzeum &#8222;Kopalnia Wiedzy o Cynku&#8221; i odbyli przejazd krajobrazowy do Olkusza.&nbsp;Nast\u0119pnie zobaczyli pustyni\u0119 B\u0142\u0119dowsk\u0105 w punkcie widokowym R\u00f3\u017ca Wiatr\u00f3w.<\/div>\n<div>Daniela D\u0119bicka<\/div>\n<\/div>\n<div dir=\"auto\">&nbsp;<\/div>\n<div dir=\"auto\">ngg_shortcode_3_placeholder<\/div>\n<div dir=\"auto\">&nbsp;<\/div>\n<div dir=\"auto\">&nbsp;<\/div>\n<div dir=\"auto\"><iframe style=\"width: 100%; height: 500px;\" src=\"http:\/\/docs.google.com\/gview?url=https:\/\/serwer1476418.home.pl\/new\/wp-content\/uploads\/2024\/05\/Transformersi-w-obiektywie-formularz2.pdf&amp;embedded=true\" frameborder=\"0\"><\/iframe><a href=\"https:\/\/serwer1476418.home.pl\/new\/wp-content\/uploads\/2024\/05\/Transformersi-w-obiektywie-formularz2.pdf\">Transformersi w obiektywie formularz2<\/a><\/div>\n<div dir=\"auto\">&nbsp;<\/div>\n<div dir=\"auto\">&nbsp;<\/div>\n<div dir=\"auto\">&nbsp;<\/div>\n<div dir=\"auto\">W kwietniu klasa IIA liceum wzi\u0119\u0142a udzia\u0142 w dw\u00f3ch warsztatach terenowych&nbsp;<\/div>\n<div dir=\"auto\">w ramach projektu \u201eTransformersi- edukacja na rzecz zielonej transformacji&nbsp;<\/div>\n<div dir=\"auto\">i zachowania kultury g\u00f3rniczej w regionie&#8221;. 15 kwietnia uczniowie odbyli wycieczk\u0119 do Bytomia raz Rudy \u015al\u0105skiej celem zobaczenia jak przebiega rewitalizacja teren\u00f3w g\u00f3rniczych oraz ha\u0142d. 30 kwietnia uczniowie poznali przebieg potoku o nazwie Rawa na terenie Katowic, \u015awi\u0119toch\u0142owic oraz Mys\u0142owic kt\u00f3ry jest dop\u0142ywem Brynicy.&nbsp;<\/div>\n<div dir=\"auto\">&nbsp;<\/div>\n<div dir=\"auto\">&nbsp;<\/div>\n<div dir=\"auto\">&nbsp;<\/div>\n<div dir=\"auto\"><img loading=\"lazy\" decoding=\"async\" class=\"alignleft size-large wp-image-14407\" src=\"https:\/\/serwer1476418.home.pl\/new\/wp-content\/uploads\/2024\/05\/E8F0C196-6D1C-405E-98E6-A4CB8B5970A9-COLLAGE-576x1024.jpg\" alt=\"\" width=\"576\" height=\"1024\" srcset=\"https:\/\/serwer1476418.home.pl\/new\/wp-content\/uploads\/2024\/05\/E8F0C196-6D1C-405E-98E6-A4CB8B5970A9-COLLAGE-576x1024.jpg 576w, https:\/\/serwer1476418.home.pl\/new\/wp-content\/uploads\/2024\/05\/E8F0C196-6D1C-405E-98E6-A4CB8B5970A9-COLLAGE-169x300.jpg 169w, https:\/\/serwer1476418.home.pl\/new\/wp-content\/uploads\/2024\/05\/E8F0C196-6D1C-405E-98E6-A4CB8B5970A9-COLLAGE.jpg 650w\" sizes=\"auto, (max-width: 576px) 100vw, 576px\" \/> <img loading=\"lazy\" decoding=\"async\" class=\"alignleft size-large wp-image-14408\" src=\"https:\/\/serwer1476418.home.pl\/new\/wp-content\/uploads\/2024\/05\/CD4FEFBA-C014-4A51-B9D8-7DDB2A325A9E-COLLAGE-576x1024.jpg\" alt=\"\" width=\"576\" height=\"1024\" srcset=\"https:\/\/serwer1476418.home.pl\/new\/wp-content\/uploads\/2024\/05\/CD4FEFBA-C014-4A51-B9D8-7DDB2A325A9E-COLLAGE-576x1024.jpg 576w, https:\/\/serwer1476418.home.pl\/new\/wp-content\/uploads\/2024\/05\/CD4FEFBA-C014-4A51-B9D8-7DDB2A325A9E-COLLAGE-169x300.jpg 169w, https:\/\/serwer1476418.home.pl\/new\/wp-content\/uploads\/2024\/05\/CD4FEFBA-C014-4A51-B9D8-7DDB2A325A9E-COLLAGE.jpg 650w\" sizes=\"auto, (max-width: 576px) 100vw, 576px\" \/><\/div>\n<div dir=\"auto\">\n<p>&nbsp;<\/p>\n<p>&nbsp;<\/p>\n<p>&nbsp;<\/p>\n<p>&nbsp;<\/p>\n<p>&nbsp;<\/p>\n<p>&nbsp;<\/p>\n<p>&nbsp;<\/p>\n<p>&nbsp;<\/p>\n<p>&nbsp;<\/p>\n<p>&nbsp;<\/p>\n<p>&nbsp;<\/p>\n<p>&nbsp;<\/p>\n<p>&nbsp;<\/p>\n<p>&nbsp;<\/p>\n<p>&nbsp;<\/p>\n<p>&nbsp;<\/p>\n<p>&nbsp;<\/p>\n<p>&nbsp;<\/p>\n<p>&nbsp;<\/p>\n<p>&nbsp;<\/p>\n<p>&nbsp;<\/p>\n<p>&nbsp;<\/p>\n<p>&nbsp;<\/p>\n<p>&nbsp;<\/p>\n<p>&nbsp;<\/p>\n<p>&nbsp;<\/p>\n<p>&nbsp;<\/p>\n<p>&nbsp;<\/p>\n<p>&nbsp;<\/p>\n<p>&nbsp;<\/p>\n<p>&nbsp;<\/p>\n<p>&nbsp;<\/p>\n<p>&nbsp;<\/p>\n<p>&nbsp;<\/p>\n<p>&nbsp;<\/p>\n<p>&nbsp;<\/p>\n<p>&nbsp;<\/p>\n<p>&nbsp;<\/p>\n<p>&nbsp;<\/p>\n<p>&nbsp;<\/p>\n<p>&nbsp;<\/p>\n<p>&nbsp;<\/p>\n<p>&nbsp;<\/p>\n<p>&nbsp;<\/p>\n<p>&nbsp;<\/p>\n<p>&nbsp;<\/p>\n<p>&nbsp;<\/p>\n<p>&nbsp;<\/p>\n<p>&nbsp;<\/p>\n<p>&nbsp;<\/p>\n<p>&nbsp;<\/p>\n<p>&nbsp;<\/p>\n<p>&nbsp;<\/p>\n<p>&nbsp;<\/p>\n<p>&nbsp;<\/p>\n<p>&nbsp;<\/p>\n<p>&nbsp;<\/p>\n<p>&nbsp;<\/p>\n<p>&nbsp;<\/p>\n<p>&nbsp;<\/p>\n<p>&nbsp;<\/p>\n<p>&nbsp;<\/p>\n<p>&nbsp;<\/p>\n<p>&nbsp;<\/p>\n<p>&nbsp;<\/p>\n<p>&nbsp;<\/p>\n<p>&nbsp;<\/p>\n<p>&nbsp;<\/p>\n<p><a href=\"https:\/\/serwer1476418.home.pl\/new\/wp-content\/uploads\/2024\/11\/harmonogram-II-edycja-listopad.pdf\">harmonogram II edycja listopad<\/a><\/p>\n<p>&nbsp;<\/p>\n<p>&nbsp;<\/p>\n<h3 class=\"western\" style=\"text-align: center;\" align=\"center\"><span style=\"color: #008000;\"><b>DRUGA EDYCJA \u201eTRANSFORMERS\u00d3W\u201d W NASZEJ SZKOLE<\/b><\/span><\/h3>\n<p class=\"western\" align=\"justify\">Uczniowie klas drugich naszego liceum ponownie uczestnicz\u0105 w warsztatach i wyjazdach terenowych w ramach projektu \u201eTransformersi w szko\u0142ach. Edukacja na rzecz zielonej transformacji i zachowania kultury g\u00f3rniczej w regionie\u201d. Na pocz\u0105tku wrze\u015bnia uczniowie mieli mo\u017cliwo\u015b\u0107 eksplorowa\u0107 Dolin\u0119 \u017babnika w Jaworznie, uczestniczy\u0107 w zaj\u0119ciach na zwa\u0142owisku kopalni \u201eMurcki\u201d oraz podziwia\u0107 zielone dachy w Katowicach. Na kolejnym wyje\u017adzie uczniowie brali udzia\u0142 w zaj\u0119ciach laboratoryjnych i terenowych dotycz\u0105cych sukcesji ro\u015blin, a nast\u0119pnie dowiedzieli si\u0119 jak na przestrzeni lat zmienia\u0142a si\u0119 rzeka Rawa w Katowicach. By\u0142a to r\u00f3wnie\u017c okazja do spaceru po mie\u015bcie i obejrzenia rzeki w r\u00f3\u017cnych miejscach. Na ostatnim wrze\u015bniowym wyje\u017adzie uczniowie sp\u0119dzili czas na zrekultywowanej ha\u0142dzie w Jaworznie oraz odkrywali pi\u0119kno natury w jaworznickim Arboretum.<\/p>\nngg_shortcode_4_placeholder\n<p>&nbsp;<\/p>\n<h3 style=\"text-align: center;\"><span style=\"color: #008000;\"><strong>\u201eTRANSFORMERSI W SZKO\u0141ACH\u201d<\/strong><\/span><\/h3>\n<p>W pa\u017adzierniku uczniowie klas 2b i 2f liceum kontynuowali odkrywanie dziedzictwa kulturowego naszego regionu i plan\u00f3w zielonej transformacji w ramach projektu \u201eTransformersi w szko\u0142ach. Edukacja na rzecz zielonej transformacji i zachowania kultury g\u00f3rniczej w regionie\u201d. W trakcie kolejnych warsztat\u00f3w terenowych uczniowie mieli mo\u017cliwo\u015b\u0107 przeprowadzania bada\u0144 chemicznych na ha\u0142dzie w Rudzie \u015al\u0105skiej, odwiedzi\u0107 Stacj\u0119 Czytania Krajobrazu na Wydziale Nauk Przyrodniczych U\u015a w Sosnowcu, Elektrowni\u0119 Cechowni\u0119 Saturn w Czeladzi oraz tereny i zabudowania Huty Utehmann w Szopienicach. Uczniowie odwiedzili r\u00f3wnie\u017c dzielnic\u0119 Nikiszowiec w Katowicach, gdzie mogli podziwia\u0107 unikatowe zabytki architektury przemys\u0142owej. Uczniowie uczestniczyli tak\u017ce w warsztatach dotycz\u0105cych biomasy i alternatywnych \u017ar\u00f3de\u0142 energii.<\/p>\n<p>&nbsp;<\/p>\n<\/div>\n<p>ngg_shortcode_5_placeholderngg_shortcode_6_placeholder<\/p>\n<div dir=\"auto\">\n<p>&nbsp;<\/p>\n<p>&nbsp;<\/p>\n<p>&nbsp;<\/p>\n<h3 style=\"text-align: center;\"><span style=\"color: #008000;\">Gala II edycji projektu \u201eTransformersi w szko\u0142ach \u2013 Edukacja na rzecz zielonej transformacji i zachowania kultury g\u00f3rniczej w regionie\u201d<\/span><\/h3>\n<p><strong>&nbsp;<\/strong><\/p>\n<p>12 lutego 2024r. na Wydziale Nauk Humanistycznych w Katowicach mia\u0142a miejsce gala zamykaj\u0105ca drug\u0105 edycj\u0119 projektu \u201eTransformersi w szko\u0142ach \u2013 Edukacja na rzecz zielonej transformacji i zachowania kultury g\u00f3rniczej w regionie\u201d.<\/p>\n<p>\u201eTransformersi\u201d to projekt edukacyjny Uniwersytetu \u015al\u0105skiego (Wydzia\u0142u Nauk Przyrodniczych i Wydzia\u0142u Humanistycznego) po\u015bwi\u0119cony transformacji energetycznej i zmianom klimatycznym, w kt\u00f3rym bierze udzia\u0142 ponad tysi\u0105c uczni\u00f3w szk\u00f3\u0142 ponadpodstawowych m.in. z Katowic, Sosnowca, Rybnika, Rudy \u015al\u0105skiej, Mys\u0142owic, Knurowa i Wodzis\u0142awia \u015al\u0105skiego.<\/p>\n<p>W czasie gali wyk\u0142ady wyg\u0142osili eksperci w dziedzinie transformacji, zosta\u0142y og\u0142oszone wyniki konkurs\u00f3w zwi\u0105zanych z projektem, oraz wyst\u0105pi\u0142 zesp\u00f3\u0142 muzyczny IMPERATYW z I Liceum Og\u00f3lnokszta\u0142c\u0105cego im. T. Ko\u015bciuszki w Mys\u0142owicach.<\/p>\n<p>&nbsp;<\/p>\n<p>&nbsp;<\/p>\n<p>&nbsp;<\/p>\n<p>&nbsp;<\/p>\n<p>&nbsp;<\/p>\n<p>&nbsp;<\/p>\n<p>&nbsp;<\/p>\n<p>&nbsp;<\/p>\n<p>&nbsp;<\/p>\n<p>&nbsp;<\/p>\n<p><a href=\"https:\/\/serwer1476418.home.pl\/new\/wp-content\/uploads\/2024\/09\/1-formularz-danych-osobowych.pdf\">Formularz danych osobowych<\/a><\/p>\n<p><a href=\"https:\/\/serwer1476418.home.pl\/new\/wp-content\/uploads\/2024\/09\/2-Formularz-klauzuli-informacyjnej-IZ-FESL-2021-2027.pdf\">Formularz klauzuli informacyjnej IZ FESL 2021-2027<\/a><\/p>\n<p><a href=\"https:\/\/serwer1476418.home.pl\/new\/wp-content\/uploads\/2024\/09\/3-Formularz-klauzuli-informacyjnej_US-1.pdf\">Formularz klauzuli informacyjnej U\u015a<\/a><\/p>\n<p><a href=\"https:\/\/serwer1476418.home.pl\/new\/wp-content\/uploads\/2024\/09\/4-Zgoda-rodzica_opiekuna-prawnego.pdf\">Zgoda rodzica\/opiekuna prawnego<\/a><\/p>\n<p><a href=\"https:\/\/serwer1476418.home.pl\/new\/wp-content\/uploads\/2024\/09\/5-Deklaracja.pdf\">Deklaracja<\/a><\/p>\n<p><a href=\"https:\/\/serwer1476418.home.pl\/new\/wp-content\/uploads\/2024\/09\/6-Rezygnacja.pdf\">Rezygnacja<\/a><\/p>\n<p><a href=\"https:\/\/serwer1476418.home.pl\/new\/wp-content\/uploads\/2024\/09\/zarzadzenie-20_2024-regulamin.pdf\">Zarz\u0105dzenie 20_2024 &#8211; regulamin<\/a><\/p>\n<p>&nbsp;<\/p>\n<p>&nbsp;<\/p>\n<\/div>\n","protected":false},"excerpt":{"rendered":"<p>Drodzy Uczniowie! Do 14.01.2025 r. trwa rekrutacja do III edycji projektu:&nbsp;&nbsp;\u201eTransformersi w szko\u0142ach &#8211; Edukacja na rzecz zielonej transformacji i zachowania kultury g\u00f3rniczej w regionie\u201d realizowanego przez Uniwersytet \u015al\u0105ski w Katowicach . Szkolny koordynator projektu Beata Przyby\u0142a &nbsp; &nbsp; Miejsca, kt\u00f3re warto odwiedzi\u0107, nie tylko z Transformersami &nbsp; &nbsp;&nbsp;&nbsp;&nbsp; Region, w kt\u00f3rym \u017cyjemy, posiada wiele [&hellip;]<\/p>\n","protected":false},"author":9,"featured_media":0,"parent":0,"menu_order":0,"comment_status":"closed","ping_status":"closed","template":"","meta":{"ngg_post_thumbnail":0,"footnotes":"","_links_to":"","_links_to_target":""},"class_list":["post-14303","page","type-page","status-publish","hentry"],"_links":{"self":[{"href":"https:\/\/www.prus.sosnowiec.pl\/index.php\/wp-json\/wp\/v2\/pages\/14303","targetHints":{"allow":["GET"]}}],"collection":[{"href":"https:\/\/www.prus.sosnowiec.pl\/index.php\/wp-json\/wp\/v2\/pages"}],"about":[{"href":"https:\/\/www.prus.sosnowiec.pl\/index.php\/wp-json\/wp\/v2\/types\/page"}],"author":[{"embeddable":true,"href":"https:\/\/www.prus.sosnowiec.pl\/index.php\/wp-json\/wp\/v2\/users\/9"}],"replies":[{"embeddable":true,"href":"https:\/\/www.prus.sosnowiec.pl\/index.php\/wp-json\/wp\/v2\/comments?post=14303"}],"version-history":[{"count":25,"href":"https:\/\/www.prus.sosnowiec.pl\/index.php\/wp-json\/wp\/v2\/pages\/14303\/revisions"}],"predecessor-version":[{"id":17564,"href":"https:\/\/www.prus.sosnowiec.pl\/index.php\/wp-json\/wp\/v2\/pages\/14303\/revisions\/17564"}],"wp:attachment":[{"href":"https:\/\/www.prus.sosnowiec.pl\/index.php\/wp-json\/wp\/v2\/media?parent=14303"}],"curies":[{"name":"wp","href":"https:\/\/api.w.org\/{rel}","templated":true}]}}