{"id":15072,"date":"2024-10-15T09:34:50","date_gmt":"2024-10-15T07:34:50","guid":{"rendered":"https:\/\/www.prus.sosnowiec.pl\/?page_id=15072"},"modified":"2026-05-04T07:55:34","modified_gmt":"2026-05-04T05:55:34","slug":"bursa-jadlospis","status":"publish","type":"page","link":"https:\/\/www.prus.sosnowiec.pl\/index.php\/bursa-jadlospis\/","title":{"rendered":"Bursa &#8211; jad\u0142ospis"},"content":{"rendered":"<p><img loading=\"lazy\" decoding=\"async\" class=\"wp-image-15093 alignleft\" src=\"https:\/\/serwer1476418.home.pl\/new\/wp-content\/uploads\/2024\/10\/Zrzut-ekranu-2024-10-15-095759.png\" alt=\"\" width=\"579\" height=\"368\" srcset=\"https:\/\/serwer1476418.home.pl\/new\/wp-content\/uploads\/2024\/10\/Zrzut-ekranu-2024-10-15-095759.png 572w, https:\/\/serwer1476418.home.pl\/new\/wp-content\/uploads\/2024\/10\/Zrzut-ekranu-2024-10-15-095759-300x191.png 300w\" sizes=\"auto, (max-width: 579px) 100vw, 579px\" \/><\/p>\n<table style=\"height: 2284px;\" border=\"1\" width=\"800\" cellspacing=\"5\" cellpadding=\"10\">\n<tbody>\n<tr>\n<th><\/th>\n<th>\n<h1><span style=\"color: #ffffff;\">\u015aniadanie<\/span><\/h1>\n<\/th>\n<th>\n<h1 style=\"text-align: center;\"><span style=\"color: #ffffff;\">Alergeny<\/span><\/h1>\n<\/th>\n<th>\n<h1><span style=\"color: #ffffff;\">Kolacja<\/span><\/h1>\n<\/th>\n<th>\n<h1><span style=\"color: #ffffff;\">Alergeny<\/span><\/h1>\n<\/th>\n<\/tr>\n<tr>\n<td style=\"text-align: center;\">\n<h1><span style=\"color: #ff0000;\"><strong>Poniedzia\u0142ek<\/strong><\/span><\/h1>\n<p><strong>04.05.2026<\/strong><\/td>\n<td style=\"text-align: left;\">\n<h1 style=\"text-align: center;\">BRAK<\/h1>\n<\/td>\n<td>&nbsp;<\/td>\n<td style=\"text-align: left;\">\n<table width=\"357\">\n<tbody>\n<tr>\n<td width=\"357\">Makaron z serem<\/td>\n<\/tr>\n<tr>\n<td width=\"357\">bu\u0142ka pszenna, grahamka, fitness chleb fitness<\/td>\n<\/tr>\n<tr>\n<td width=\"357\">herbata: czarna, zielona, owocowa, mi\u0119towa<\/td>\n<\/tr>\n<tr>\n<td width=\"357\">szynka, ser, d\u017cem, mas\u0142o, mi\u00f3d<\/td>\n<\/tr>\n<tr>\n<td width=\"357\">sa\u0142ata, rzodkiewka, pomidor, papryka<\/td>\n<\/tr>\n<tr>\n<td width=\"357\">serek almette, serek \u0142aciaty, bieluch, skyr<\/td>\n<\/tr>\n<tr>\n<td>owoce<\/td>\n<\/tr>\n<tr>\n<td width=\"357\">Makaron z serem w 100 g:<\/td>\n<\/tr>\n<tr>\n<td>warto\u015b\u0107 energetyczna (kcal)\u00a0\u00a0\u00a0\u00a0\u00a0\u00a0 ok. 227<\/td>\n<\/tr>\n<tr>\n<td>T\u0142uszcz\u00a0\u00a0\u00a0\u00a0\u00a0\u00a0\u00a0\u00a0\u00a0\u00a0\u00a0\u00a0\u00a0\u00a0\u00a0\u00a0\u00a0\u00a0\u00a0\u00a0\u00a0\u00a0\u00a0\u00a0\u00a0\u00a0\u00a0\u00a0\u00a0\u00a0\u00a0\u00a0\u00a0\u00a0\u00a0\u00a0\u00a0\u00a0\u00a0\u00a0\u00a0\u00a0\u00a0\u00a0 1 g<\/td>\n<\/tr>\n<tr>\n<td>Bia\u0142ko\u00a0\u00a0\u00a0\u00a0\u00a0\u00a0\u00a0\u00a0\u00a0\u00a0\u00a0\u00a0\u00a0\u00a0\u00a0\u00a0\u00a0\u00a0\u00a0\u00a0\u00a0\u00a0\u00a0\u00a0\u00a0\u00a0\u00a0\u00a0\u00a0\u00a0\u00a0\u00a0\u00a0\u00a0\u00a0\u00a0\u00a0\u00a0\u00a0\u00a0\u00a0\u00a0\u00a0\u00a0\u00a0 15 g<\/td>\n<\/tr>\n<tr>\n<td>W\u0119glowodany\u00a0\u00a0\u00a0\u00a0\u00a0\u00a0\u00a0\u00a0\u00a0\u00a0\u00a0\u00a0\u00a0\u00a0\u00a0\u00a0\u00a0\u00a0\u00a0\u00a0\u00a0\u00a0\u00a0\u00a0\u00a0\u00a0\u00a0\u00a0\u00a0\u00a0\u00a0\u00a0 39 g<\/td>\n<\/tr>\n<\/tbody>\n<\/table>\n<\/td>\n<td>1,2,3,4,5,6,7<\/p>\n<p>8,9,10,11<\/td>\n<\/tr>\n<tr>\n<td style=\"text-align: center;\">\n<h1><span style=\"color: #ff0000;\"><strong>Wtorek<\/strong><\/span><\/h1>\n<p><strong>05.05.2025<\/strong><\/td>\n<td style=\"text-align: left;\">\n<table style=\"height: 206px;\" width=\"288\">\n<tbody>\n<tr>\n<td width=\"334\">owsianka na mleku z owocami<\/td>\n<\/tr>\n<tr>\n<td width=\"334\">bu\u0142ka pszenna, grahamka, fitness; chleb fitness<\/td>\n<\/tr>\n<tr>\n<td width=\"334\">herbata: czarna, zielona, owocowa, mi\u0119towa<\/td>\n<\/tr>\n<tr>\n<td width=\"334\">szynka, ser, d\u017cem, mas\u0142o<\/td>\n<\/tr>\n<tr>\n<td width=\"334\">sa\u0142ata, rzodkiewka, pomidor, papryka<\/td>\n<\/tr>\n<tr>\n<td width=\"334\">serek almette, serek \u0142aciaty, bieluch, skyr<\/td>\n<\/tr>\n<tr>\n<td>owoce<\/td>\n<\/tr>\n<\/tbody>\n<\/table>\n<\/td>\n<td style=\"text-align: left;\">1,2,3,4,5,6,7<\/p>\n<p>8,9,10,11<\/td>\n<td style=\"text-align: left;\">\n<table style=\"height: 346px;\" width=\"321\">\n<tbody>\n<tr>\n<td width=\"357\">Makaron z serem<\/td>\n<\/tr>\n<tr>\n<td width=\"357\">bu\u0142ka pszenna, grahamka, fitness chleb fitness<\/td>\n<\/tr>\n<tr>\n<td width=\"357\">herbata: czarna, zielona, owocowa, mi\u0119towa<\/td>\n<\/tr>\n<tr>\n<td width=\"357\">szynka, ser, d\u017cem, mas\u0142o, mi\u00f3d<\/td>\n<\/tr>\n<tr>\n<td width=\"357\">sa\u0142ata, rzodkiewka, pomidor, papryka<\/td>\n<\/tr>\n<tr>\n<td width=\"357\">serek almette, serek \u0142aciaty, bieluch, skyr<\/td>\n<\/tr>\n<tr>\n<td>owoce<\/td>\n<\/tr>\n<tr>\n<td width=\"357\">Makaron z serem w 100 g:<\/td>\n<\/tr>\n<tr>\n<td>warto\u015b\u0107 energetyczna (kcal)\u00a0\u00a0\u00a0\u00a0\u00a0\u00a0 ok. 227<\/td>\n<\/tr>\n<tr>\n<td>T\u0142uszcz\u00a0\u00a0\u00a0\u00a0\u00a0\u00a0\u00a0\u00a0\u00a0\u00a0\u00a0\u00a0\u00a0\u00a0\u00a0\u00a0\u00a0\u00a0\u00a0\u00a0\u00a0\u00a0\u00a0\u00a0\u00a0\u00a0\u00a0\u00a0\u00a0\u00a0\u00a0\u00a0\u00a0\u00a0\u00a0\u00a0\u00a0\u00a0\u00a0\u00a0\u00a0\u00a0\u00a0\u00a0 1 g<\/td>\n<\/tr>\n<tr>\n<td>Bia\u0142ko\u00a0\u00a0\u00a0\u00a0\u00a0\u00a0\u00a0\u00a0\u00a0\u00a0\u00a0\u00a0\u00a0\u00a0\u00a0\u00a0\u00a0\u00a0\u00a0\u00a0\u00a0\u00a0\u00a0\u00a0\u00a0\u00a0\u00a0\u00a0\u00a0\u00a0\u00a0\u00a0\u00a0\u00a0\u00a0\u00a0\u00a0\u00a0\u00a0\u00a0\u00a0\u00a0\u00a0\u00a0\u00a0 15 g<\/td>\n<\/tr>\n<tr>\n<td>W\u0119glowodany\u00a0\u00a0\u00a0\u00a0\u00a0\u00a0\u00a0\u00a0\u00a0\u00a0\u00a0\u00a0\u00a0\u00a0\u00a0\u00a0\u00a0\u00a0\u00a0\u00a0\u00a0\u00a0\u00a0\u00a0\u00a0\u00a0\u00a0\u00a0\u00a0\u00a0\u00a0\u00a0 39 g<\/td>\n<\/tr>\n<\/tbody>\n<\/table>\n<\/td>\n<td>1,2,3,4,5,6,7<\/p>\n<p>8,9,10,11<\/td>\n<\/tr>\n<tr>\n<td style=\"text-align: center;\">\n<h1><span style=\"color: #ff0000;\"><strong>\u015aroda<\/strong><\/span><\/h1>\n<p><strong>06.05.2026<\/strong><\/td>\n<td style=\"text-align: left;\">\n<table style=\"height: 199px;\" width=\"287\">\n<tbody>\n<tr>\n<td width=\"334\">jajecznica ze szczypiorkiem<\/td>\n<\/tr>\n<tr>\n<td width=\"334\">bu\u0142ka pszenna, grahamka, fitness chleb fitness<\/td>\n<\/tr>\n<tr>\n<td width=\"334\">herbata: czarna, zielona, owocowa, mi\u0119towa<\/td>\n<\/tr>\n<tr>\n<td width=\"334\">szynka, ser, d\u017cem, mas\u0142o, mi\u00f3d<\/td>\n<\/tr>\n<tr>\n<td width=\"334\">sa\u0142ata, rzodkiewka, pomidor, papryka<\/td>\n<\/tr>\n<tr>\n<td width=\"334\">serek almette, serek \u0142aciaty, bieluch, skyr<\/td>\n<\/tr>\n<tr>\n<td>owoce<\/td>\n<\/tr>\n<\/tbody>\n<\/table>\n<\/td>\n<td>1,2,3,4,5,6,7<\/p>\n<p>8,9,10,11<\/td>\n<td>\n<table style=\"height: 345px;\" width=\"341\">\n<tbody>\n<tr>\n<td width=\"357\">Gulasz z kasz\u0105 bulgur og\u00f3rek kiszony<\/td>\n<\/tr>\n<tr>\n<td width=\"357\">bu\u0142ka pszenna, grahamka, fitness chleb pe\u0142noziarnisty<\/td>\n<\/tr>\n<tr>\n<td width=\"357\">herbata: czarna, zielona, owocowa, mi\u0119towa<\/td>\n<\/tr>\n<tr>\n<td width=\"357\">szynka, ser, d\u017cem, mas\u0142o, mi\u00f3d<\/td>\n<\/tr>\n<tr>\n<td width=\"357\">sa\u0142ata, rzodkiewka, pomidor, papryka<\/td>\n<\/tr>\n<tr>\n<td width=\"357\">serek almette, serek \u0142aciaty, bieluch, skyr<\/td>\n<\/tr>\n<tr>\n<td>owoce<\/td>\n<\/tr>\n<tr>\n<td width=\"357\">Leczo w 100 g :<\/td>\n<\/tr>\n<tr>\n<td>warto\u015b\u0107 energetyczna (kcal)\u00a0\u00a0\u00a0\u00a0\u00a0\u00a0 ok. 117<\/td>\n<\/tr>\n<tr>\n<td>T\u0142uszcz\u00a0\u00a0\u00a0\u00a0\u00a0\u00a0\u00a0\u00a0\u00a0\u00a0\u00a0\u00a0\u00a0\u00a0\u00a0\u00a0\u00a0\u00a0\u00a0\u00a0\u00a0\u00a0\u00a0\u00a0\u00a0\u00a0\u00a0\u00a0\u00a0\u00a0\u00a0\u00a0\u00a0\u00a0\u00a0\u00a0\u00a0\u00a0\u00a0\u00a0\u00a0\u00a0 4 g<\/td>\n<\/tr>\n<tr>\n<td>Bia\u0142ko\u00a0\u00a0\u00a0\u00a0\u00a0\u00a0\u00a0\u00a0\u00a0\u00a0\u00a0\u00a0\u00a0\u00a0\u00a0\u00a0\u00a0\u00a0\u00a0\u00a0\u00a0\u00a0\u00a0\u00a0\u00a0\u00a0\u00a0\u00a0\u00a0\u00a0\u00a0\u00a0\u00a0\u00a0\u00a0\u00a0\u00a0\u00a0\u00a0\u00a0\u00a0\u00a0\u00a0\u00a0\u00a0 5 g<\/td>\n<\/tr>\n<tr>\n<td>W\u0119glowodany\u00a0\u00a0\u00a0\u00a0\u00a0\u00a0\u00a0\u00a0\u00a0\u00a0\u00a0\u00a0\u00a0\u00a0\u00a0\u00a0\u00a0\u00a0\u00a0\u00a0\u00a0\u00a0\u00a0\u00a0\u00a0\u00a0\u00a0\u00a0\u00a0\u00a0\u00a0 15 g<\/td>\n<\/tr>\n<\/tbody>\n<\/table>\n<\/td>\n<td>1,2,3,4,5,6,7<\/p>\n<p>8,9,10,11<\/td>\n<\/tr>\n<tr>\n<td style=\"text-align: center;\">\n<h1><span style=\"color: #ff0000;\"><strong>Czwartek<\/strong><\/span><\/h1>\n<p><strong>07.05.2026<\/strong><\/td>\n<td style=\"text-align: left;\">\n<table style=\"height: 204px;\" width=\"297\">\n<tbody>\n<tr>\n<td width=\"334\">mini kie\u0142baski na gor\u0105co<\/td>\n<\/tr>\n<tr>\n<td width=\"334\">bu\u0142ka pszenna, grahamka, fitness; chleb fitness<\/td>\n<\/tr>\n<tr>\n<td width=\"334\">herbata: czarna, zielona, owocowa, mi\u0119towa<\/td>\n<\/tr>\n<tr>\n<td width=\"334\">szynka, ser, d\u017cem, mas\u0142o, ketchup, musztarda<\/td>\n<\/tr>\n<tr>\n<td width=\"334\">sa\u0142ata, rzodkiewka, pomidor, papryka<\/td>\n<\/tr>\n<tr>\n<td width=\"334\">serek almette, serek \u0142aciaty, bieluch, skyr<\/td>\n<\/tr>\n<tr>\n<td>owoce<\/td>\n<\/tr>\n<\/tbody>\n<\/table>\n<\/td>\n<td style=\"text-align: left;\">1,2,3,4,5,6,7<\/p>\n<p>8,9,10,11<\/td>\n<td style=\"text-align: center;\">\n<table width=\"357\">\n<tbody>\n<tr>\n<td style=\"text-align: left;\" width=\"357\">Paluszki rybne ziemniaki opiekane mizeria<\/td>\n<\/tr>\n<tr>\n<td style=\"text-align: left;\" width=\"357\">bu\u0142ka pszenna, grahamka, fitness chleb pe\u0142noziarnisty<\/td>\n<\/tr>\n<tr>\n<td style=\"text-align: left;\" width=\"357\">herbata: czarna, zielona, owocowa, mi\u0119towa<\/td>\n<\/tr>\n<tr>\n<td style=\"text-align: left;\" width=\"357\">szynka, ser, d\u017cem, mas\u0142o<\/td>\n<\/tr>\n<tr>\n<td style=\"text-align: left;\" width=\"357\">sa\u0142ata, rzodkiewka, pomidor, papryka<\/td>\n<\/tr>\n<tr>\n<td style=\"text-align: left;\" width=\"357\">serek almette, serek \u0142aciaty, bieluch, skyr<\/td>\n<\/tr>\n<tr>\n<td style=\"text-align: left;\">owoce<\/td>\n<\/tr>\n<tr>\n<td style=\"text-align: left;\" width=\"357\">Paluszki rybne ziemniaki opiekane mizeria w 100 g :<\/td>\n<\/tr>\n<tr>\n<td style=\"text-align: left;\">warto\u015b\u0107 energetyczna (kcal)\u00a0\u00a0\u00a0\u00a0\u00a0\u00a0 ok. 147<\/td>\n<\/tr>\n<tr>\n<td style=\"text-align: left;\">T\u0142uszcz\u00a0\u00a0\u00a0\u00a0\u00a0\u00a0\u00a0\u00a0\u00a0\u00a0\u00a0\u00a0\u00a0\u00a0\u00a0\u00a0\u00a0\u00a0\u00a0\u00a0\u00a0\u00a0\u00a0\u00a0\u00a0\u00a0\u00a0\u00a0\u00a0\u00a0\u00a0\u00a0\u00a0\u00a0\u00a0\u00a0\u00a0\u00a0\u00a0\u00a0\u00a0\u00a0 4 g<\/td>\n<\/tr>\n<tr>\n<td style=\"text-align: left;\">Bia\u0142ko\u00a0\u00a0\u00a0\u00a0\u00a0\u00a0\u00a0\u00a0\u00a0\u00a0\u00a0\u00a0\u00a0\u00a0\u00a0\u00a0\u00a0\u00a0\u00a0\u00a0\u00a0\u00a0\u00a0\u00a0\u00a0\u00a0\u00a0\u00a0\u00a0\u00a0\u00a0\u00a0\u00a0\u00a0\u00a0\u00a0\u00a0\u00a0\u00a0\u00a0\u00a0\u00a0\u00a0\u00a0\u00a0 15 g<\/td>\n<\/tr>\n<tr>\n<td style=\"text-align: left;\">W\u0119glowodany\u00a0\u00a0\u00a0\u00a0\u00a0\u00a0\u00a0\u00a0\u00a0\u00a0\u00a0\u00a0\u00a0\u00a0\u00a0\u00a0\u00a0\u00a0\u00a0\u00a0\u00a0\u00a0\u00a0\u00a0\u00a0\u00a0\u00a0\u00a0\u00a0\u00a0\u00a0\u00a0 11 g<\/td>\n<\/tr>\n<\/tbody>\n<\/table>\n<\/td>\n<td>1,2,3,4,5,6,7<\/p>\n<p>8,9,10,11<\/td>\n<\/tr>\n<tr>\n<td style=\"text-align: center;\">\n<h1><span style=\"color: #ff0000;\"><strong>Pi\u0105tek<\/strong><\/span><\/h1>\n<p><strong>08.05.2026<\/strong><\/td>\n<td style=\"text-align: left;\">\n<table width=\"334\">\n<tbody>\n<tr>\n<td width=\"334\">tu\u0144czyk; pasta z awokado<\/td>\n<\/tr>\n<tr>\n<td width=\"334\">bu\u0142ka pszenna, grahamka, fitness; chleb fitness<\/td>\n<\/tr>\n<tr>\n<td width=\"334\">herbata: czarna, zielona, owocowa, mi\u0119towa<\/td>\n<\/tr>\n<tr>\n<td width=\"334\">szynka, ser, d\u017cem, mas\u0142o, ketchup, musztarda<\/td>\n<\/tr>\n<tr>\n<td width=\"334\">sa\u0142ata, rzodkiewka, pomidor, papryka<\/td>\n<\/tr>\n<tr>\n<td width=\"334\">serek almette, serek \u0142aciaty, bieluch, skyr<\/td>\n<\/tr>\n<tr>\n<td>owoce<\/td>\n<\/tr>\n<\/tbody>\n<\/table>\n<\/td>\n<td style=\"text-align: left;\">1,2,3,4,5,6,7<\/p>\n<p>8,9,10,11<\/td>\n<td style=\"text-align: left;\">\n<table style=\"height: 318px;\" width=\"332\">\n<tbody>\n<tr>\n<td width=\"357\">Zupa og\u00f3rkowa<\/td>\n<\/tr>\n<tr>\n<td width=\"357\">bu\u0142ka pszenna, grahamka, fitness chleb pe\u0142noziarnisty<\/td>\n<\/tr>\n<tr>\n<td width=\"357\">herbata: czarna, zielona, owocowa, mi\u0119towa<\/td>\n<\/tr>\n<tr>\n<td width=\"357\">szynka, ser, d\u017cem, mas\u0142o<\/td>\n<\/tr>\n<tr>\n<td width=\"357\">sa\u0142ata, rzodkiewka, pomidor, papryka<\/td>\n<\/tr>\n<tr>\n<td width=\"357\">serek almette, serek \u0142aciaty, bieluch, skyr<\/td>\n<\/tr>\n<tr>\n<td width=\"357\">Zupa og\u00f3rkowa w 100 g :<\/td>\n<\/tr>\n<tr>\n<td>warto\u015b\u0107 energetyczna (kcal)\u00a0\u00a0\u00a0\u00a0\u00a0\u00a0 ok. 48<\/td>\n<\/tr>\n<tr>\n<td>T\u0142uszcz\u00a0\u00a0\u00a0\u00a0\u00a0\u00a0\u00a0\u00a0\u00a0\u00a0\u00a0\u00a0\u00a0\u00a0\u00a0\u00a0\u00a0\u00a0\u00a0\u00a0\u00a0\u00a0\u00a0\u00a0\u00a0\u00a0\u00a0\u00a0\u00a0\u00a0\u00a0\u00a0\u00a0\u00a0\u00a0\u00a0\u00a0\u00a0\u00a0\u00a0\u00a0\u00a0 2 g<\/td>\n<\/tr>\n<tr>\n<td>Bia\u0142ko\u00a0\u00a0\u00a0\u00a0\u00a0\u00a0\u00a0\u00a0\u00a0\u00a0\u00a0\u00a0\u00a0\u00a0\u00a0\u00a0\u00a0\u00a0\u00a0\u00a0\u00a0\u00a0\u00a0\u00a0\u00a0\u00a0\u00a0\u00a0\u00a0\u00a0\u00a0\u00a0\u00a0\u00a0\u00a0\u00a0\u00a0\u00a0\u00a0\u00a0\u00a0\u00a0\u00a0\u00a0\u00a0 3 g<\/td>\n<\/tr>\n<tr>\n<td>W\u0119glowodany\u00a0\u00a0\u00a0\u00a0\u00a0\u00a0\u00a0\u00a0\u00a0\u00a0\u00a0\u00a0\u00a0\u00a0\u00a0\u00a0\u00a0\u00a0\u00a0\u00a0\u00a0\u00a0\u00a0\u00a0\u00a0\u00a0\u00a0\u00a0\u00a0\u00a0\u00a0\u00a0 5 g<\/td>\n<\/tr>\n<\/tbody>\n<\/table>\n<\/td>\n<td>1,2,3,4,5,6,7<\/p>\n<p>8,9,10,11<\/td>\n<\/tr>\n<\/tbody>\n<\/table>\n<div class=\"gla-postmetadataheader\">\n<table style=\"height: 252px;\" width=\"693\">\n<tbody>\n<tr>\n<td colspan=\"4\" width=\"856\">Dania zaproponowane w jad\u0142ospisie zosta\u0142y przygotowane w oparciu o sk\u0142adzie mog\u0105ce zawiera\u0107 w swoim sk\u0142adzie<\/td>\n<\/tr>\n<tr>\n<td colspan=\"4\">substancje lub produkty powoduj\u0105ce alergie lub reakcje nietolerancji takie jak:<\/td>\n<\/tr>\n<tr>\n<td colspan=\"2\"><\/td>\n<td colspan=\"2\"><\/td>\n<\/tr>\n<tr>\n<td colspan=\"2\">1.zbo\u017ca zawieraj\u0105ce gluten<\/td>\n<td colspan=\"2\">6.soja i produkty pochodne<\/td>\n<\/tr>\n<tr>\n<td colspan=\"2\">2.skorupiaki lub produkty pochodne<\/td>\n<td colspan=\"2\">7.mleko i produkty pochodne<\/td>\n<\/tr>\n<tr>\n<td colspan=\"2\">3.jaja i produkty pochodne<\/td>\n<td colspan=\"2\">8.orzechy<\/td>\n<\/tr>\n<tr>\n<td colspan=\"2\">4.ryby i produkty pochodne<\/td>\n<td colspan=\"2\">9.seler i produkty pochodne<\/td>\n<\/tr>\n<tr>\n<td colspan=\"2\">5.orzeszki ziemne(arachidowe)<\/td>\n<td colspan=\"2\">10.gorczyca i produkty pochodne<\/td>\n<\/tr>\n<tr>\n<td><\/td>\n<td><\/td>\n<td colspan=\"2\">11.nasiona sezamu i produkty pochodne<\/td>\n<\/tr>\n<\/tbody>\n<\/table>\n<h2><\/h2>\n<h2 class=\"gla-postheader\" style=\"text-align: center;\">OBIADY \u2013 REGULAMIN<\/h2>\n<\/div>\n<div class=\"gla-postcontent clearfix\">\n<div class=\"gla-article\">\n<p style=\"text-align: center;\"><b>Informujemy, <\/b>wp\u0142aty za obiady nale\u017cy dokonywa\u0107 na konto:<\/p>\n<h3 style=\"text-align: center;\"><strong>Zesp\u00f3\u0142 Szk\u00f3\u0142 Og\u00f3lnokszta\u0142c\u0105cych nr 3 w Sosnowcu, ul. Pi\u0142sudskiego 114<br \/>\n<\/strong><strong>PKO BP nr\u00a0<\/strong><strong>57 1020 2313 0000 3702 0579 6794.<\/strong><\/h3>\n<h3 style=\"text-align: center;\"><span style=\"color: #ff0000;\">Liczba posi\u0142k\u00f3w<\/span><span style=\"color: #ff0000;\"> w miesi\u0105cu MAJ 2026 r. :<\/span><\/h3>\n<h3 style=\"text-align: center;\"><span style=\"color: #ff0000;\">\u015bniada\u0144 : 19 x 10,00 z\u0142 <\/span><\/h3>\n<h3 style=\"text-align: center;\"><span style=\"color: #ff0000;\">kolacji: 20 x 10,00 z\u0142<\/span><\/h3>\n<h3 style=\"text-align: center;\"><span style=\"color: #ff0000;\"> do wp\u0142aty 390 z\u0142<\/span><\/h3>\n<p>&nbsp;<\/p>\n<p>&nbsp;<\/p>\n<p>&nbsp;<\/p>\n<\/div>\n<\/div>\n<p><img loading=\"lazy\" decoding=\"async\" class=\"wp-image-15096 alignleft\" src=\"https:\/\/serwer1476418.home.pl\/new\/wp-content\/uploads\/2024\/10\/Zrzut-ekranu-2024-10-15-101919-278x300.png\" alt=\"\" width=\"101\" height=\"109\" srcset=\"https:\/\/serwer1476418.home.pl\/new\/wp-content\/uploads\/2024\/10\/Zrzut-ekranu-2024-10-15-101919-278x300.png 278w, https:\/\/serwer1476418.home.pl\/new\/wp-content\/uploads\/2024\/10\/Zrzut-ekranu-2024-10-15-101919.png 383w\" sizes=\"auto, (max-width: 101px) 100vw, 101px\" \/> <img loading=\"lazy\" decoding=\"async\" class=\"alignnone wp-image-15097\" src=\"https:\/\/serwer1476418.home.pl\/new\/wp-content\/uploads\/2024\/10\/Zrzut-ekranu-2024-10-15-102001-300x219.png\" alt=\"\" width=\"138\" height=\"101\" srcset=\"https:\/\/serwer1476418.home.pl\/new\/wp-content\/uploads\/2024\/10\/Zrzut-ekranu-2024-10-15-102001-300x219.png 300w, https:\/\/serwer1476418.home.pl\/new\/wp-content\/uploads\/2024\/10\/Zrzut-ekranu-2024-10-15-102001.png 605w\" sizes=\"auto, (max-width: 138px) 100vw, 138px\" \/> <img loading=\"lazy\" decoding=\"async\" class=\"alignnone wp-image-15098\" src=\"https:\/\/serwer1476418.home.pl\/new\/wp-content\/uploads\/2024\/10\/Zrzut-ekranu-2024-10-15-101754-300x297.png\" alt=\"\" width=\"106\" height=\"105\" srcset=\"https:\/\/serwer1476418.home.pl\/new\/wp-content\/uploads\/2024\/10\/Zrzut-ekranu-2024-10-15-101754-300x297.png 300w, https:\/\/serwer1476418.home.pl\/new\/wp-content\/uploads\/2024\/10\/Zrzut-ekranu-2024-10-15-101754-150x150.png 150w, https:\/\/serwer1476418.home.pl\/new\/wp-content\/uploads\/2024\/10\/Zrzut-ekranu-2024-10-15-101754.png 437w\" sizes=\"auto, (max-width: 106px) 100vw, 106px\" \/><\/p>\n","protected":false},"excerpt":{"rendered":"<p>\u015aniadanie Alergeny Kolacja Alergeny Poniedzia\u0142ek 04.05.2026 BRAK &nbsp; Makaron z serem bu\u0142ka pszenna, grahamka, fitness chleb fitness herbata: czarna, zielona, owocowa, mi\u0119towa szynka, ser, d\u017cem, mas\u0142o, mi\u00f3d sa\u0142ata, rzodkiewka, pomidor, papryka serek almette, serek \u0142aciaty, bieluch, skyr owoce Makaron z serem w 100 g: warto\u015b\u0107 energetyczna (kcal)\u00a0\u00a0\u00a0\u00a0\u00a0\u00a0 ok. 227 T\u0142uszcz\u00a0\u00a0\u00a0\u00a0\u00a0\u00a0\u00a0\u00a0\u00a0\u00a0\u00a0\u00a0\u00a0\u00a0\u00a0\u00a0\u00a0\u00a0\u00a0\u00a0\u00a0\u00a0\u00a0\u00a0\u00a0\u00a0\u00a0\u00a0\u00a0\u00a0\u00a0\u00a0\u00a0\u00a0\u00a0\u00a0\u00a0\u00a0\u00a0\u00a0\u00a0\u00a0\u00a0\u00a0 1 g Bia\u0142ko\u00a0\u00a0\u00a0\u00a0\u00a0\u00a0\u00a0\u00a0\u00a0\u00a0\u00a0\u00a0\u00a0\u00a0\u00a0\u00a0\u00a0\u00a0\u00a0\u00a0\u00a0\u00a0\u00a0\u00a0\u00a0\u00a0\u00a0\u00a0\u00a0\u00a0\u00a0\u00a0\u00a0\u00a0\u00a0\u00a0\u00a0\u00a0\u00a0\u00a0\u00a0\u00a0\u00a0\u00a0\u00a0 15 g [&hellip;]<\/p>\n","protected":false},"author":10,"featured_media":0,"parent":0,"menu_order":0,"comment_status":"closed","ping_status":"closed","template":"","meta":{"ngg_post_thumbnail":0,"footnotes":"","_links_to":"","_links_to_target":""},"class_list":["post-15072","page","type-page","status-publish","hentry"],"_links":{"self":[{"href":"https:\/\/www.prus.sosnowiec.pl\/index.php\/wp-json\/wp\/v2\/pages\/15072","targetHints":{"allow":["GET"]}}],"collection":[{"href":"https:\/\/www.prus.sosnowiec.pl\/index.php\/wp-json\/wp\/v2\/pages"}],"about":[{"href":"https:\/\/www.prus.sosnowiec.pl\/index.php\/wp-json\/wp\/v2\/types\/page"}],"author":[{"embeddable":true,"href":"https:\/\/www.prus.sosnowiec.pl\/index.php\/wp-json\/wp\/v2\/users\/10"}],"replies":[{"embeddable":true,"href":"https:\/\/www.prus.sosnowiec.pl\/index.php\/wp-json\/wp\/v2\/comments?post=15072"}],"version-history":[{"count":128,"href":"https:\/\/www.prus.sosnowiec.pl\/index.php\/wp-json\/wp\/v2\/pages\/15072\/revisions"}],"predecessor-version":[{"id":20955,"href":"https:\/\/www.prus.sosnowiec.pl\/index.php\/wp-json\/wp\/v2\/pages\/15072\/revisions\/20955"}],"wp:attachment":[{"href":"https:\/\/www.prus.sosnowiec.pl\/index.php\/wp-json\/wp\/v2\/media?parent=15072"}],"curies":[{"name":"wp","href":"https:\/\/api.w.org\/{rel}","templated":true}]}}