{"id":1820,"date":"2018-01-17T22:51:42","date_gmt":"2018-01-17T21:51:42","guid":{"rendered":"http:\/\/serwer1476418.home.pl\/new\/?page_id=1820"},"modified":"2021-09-02T17:13:33","modified_gmt":"2021-09-02T15:13:33","slug":"dyrekcja","status":"publish","type":"page","link":"https:\/\/www.prus.sosnowiec.pl\/index.php\/nasza-szkola\/dyrekcja\/","title":{"rendered":"Dyrekcja"},"content":{"rendered":"<h1 style=\"text-align: center;\"><strong>Jolanta Kami\u0144ska-Sroka<\/strong> &#8211; dyrektor Zespo\u0142u Szk\u00f3\u0142 Og\u00f3lnokszta\u0142c\u0105cych nr 3<\/h1>\n<h1 style=\"text-align: center;\"><strong>Beata Przyby\u0142a<\/strong> &#8211; wicedyrektor Zespo\u0142u Szk\u00f3\u0142 Og\u00f3lnokszta\u0142c\u0105cych nr 3<\/h1>\n<p>&nbsp;<\/p>\n<p>&nbsp;<\/p>\n","protected":false},"excerpt":{"rendered":"<p>Jolanta Kami\u0144ska-Sroka &#8211; dyrektor Zespo\u0142u Szk\u00f3\u0142 Og\u00f3lnokszta\u0142c\u0105cych nr 3 Beata Przyby\u0142a &#8211; wicedyrektor Zespo\u0142u Szk\u00f3\u0142 Og\u00f3lnokszta\u0142c\u0105cych nr 3 &nbsp; &nbsp;<\/p>\n","protected":false},"author":9,"featured_media":0,"parent":8,"menu_order":2,"comment_status":"closed","ping_status":"closed","template":"","meta":{"ngg_post_thumbnail":0,"footnotes":"","_links_to":"","_links_to_target":""},"class_list":["post-1820","page","type-page","status-publish","hentry"],"_links":{"self":[{"href":"https:\/\/www.prus.sosnowiec.pl\/index.php\/wp-json\/wp\/v2\/pages\/1820","targetHints":{"allow":["GET"]}}],"collection":[{"href":"https:\/\/www.prus.sosnowiec.pl\/index.php\/wp-json\/wp\/v2\/pages"}],"about":[{"href":"https:\/\/www.prus.sosnowiec.pl\/index.php\/wp-json\/wp\/v2\/types\/page"}],"author":[{"embeddable":true,"href":"https:\/\/www.prus.sosnowiec.pl\/index.php\/wp-json\/wp\/v2\/users\/9"}],"replies":[{"embeddable":true,"href":"https:\/\/www.prus.sosnowiec.pl\/index.php\/wp-json\/wp\/v2\/comments?post=1820"}],"version-history":[{"count":6,"href":"https:\/\/www.prus.sosnowiec.pl\/index.php\/wp-json\/wp\/v2\/pages\/1820\/revisions"}],"predecessor-version":[{"id":8039,"href":"https:\/\/www.prus.sosnowiec.pl\/index.php\/wp-json\/wp\/v2\/pages\/1820\/revisions\/8039"}],"up":[{"embeddable":true,"href":"https:\/\/www.prus.sosnowiec.pl\/index.php\/wp-json\/wp\/v2\/pages\/8"}],"wp:attachment":[{"href":"https:\/\/www.prus.sosnowiec.pl\/index.php\/wp-json\/wp\/v2\/media?parent=1820"}],"curies":[{"name":"wp","href":"https:\/\/api.w.org\/{rel}","templated":true}]}}