{"id":1822,"date":"2018-01-17T22:53:06","date_gmt":"2018-01-17T21:53:06","guid":{"rendered":"http:\/\/serwer1476418.home.pl\/new\/?page_id=1822"},"modified":"2025-11-12T15:05:40","modified_gmt":"2025-11-12T14:05:40","slug":"psycholog","status":"publish","type":"page","link":"https:\/\/www.prus.sosnowiec.pl\/index.php\/nasza-szkola\/psycholog\/","title":{"rendered":"Pedagog szkolny\/psycholog sportu"},"content":{"rendered":"<h4 style=\"font-weight: 400;\"><span style=\"text-decoration: underline;\"><strong>Gregorczyk Katarzyna &#8211; pedagog szkolny<\/strong><\/span><\/h4>\n<ul style=\"font-weight: 400;\">\n<li>prowadzi indywidualne konsultacje z uczniami, rodzicami oraz z gronem pedagogicznym;<\/li>\n<li>rozpoznaje indywidualne potrzeby uczni\u00f3w oraz pomaga w organizacji pomocy psychologiczno-pedagogicznej dla uczni\u00f3w ze specyficznymi potrzebami edukacyjnymi;<\/li>\n<li>udziela pomocy psychologicznej i wsparcia w rozwi\u0105zywaniu problem\u00f3w osobistych i szkolnych, prowadzi rozmowy terapeutyczne;<\/li>\n<li>interweniuje w sytuacjach kryzysowych;<\/li>\n<li>prowadzi zaj\u0119cia profilaktyczno-edukacyjne z uczniami; wsp\u00f3\u0142pracuje z rodzin\u0105 ucznia &#8211; diagnozuje sytuacj\u0119 rodzinn\u0105, podejmuje dzia\u0142ania interwencyjne i wspieraj\u0105ce;<\/li>\n<li>wspiera grono pedagogiczne w rozwi\u0105zywaniu problem\u00f3w wychowawczych i dydaktycznych;<\/li>\n<li>wsp\u00f3\u0142pracuje z instytucjami wspieraj\u0105cymi szko\u0142\u0119.<\/li>\n<\/ul>\n<p><span style=\"text-decoration: underline;\">Godziny pracy:<\/span><\/p>\n<p><strong>Wtorek 8.00-15.00<\/strong><br \/>\n<strong>\u015aroda 8.00-15.30<\/strong><br \/>\n<strong>Czwartek 8.00-15.30<\/strong><\/p>\n<p>Z powa\u017caniem,<\/p>\n<p>Gregorczyk Katarzyna<\/p>\n<p><strong>e-mail: <a href=\"mailto:katarzyna.gregorczyk@prus.sosnowiec.pl\">katarzyna.gregorczyk@prus.sosnowiec.pl<\/a><\/strong><\/p>\n<p>&nbsp;<\/p>\n<h4><span style=\"text-decoration: underline;\"><strong>mgr Marta Fiech &#8211; psycholog sportu<\/strong><\/span><\/h4>\n<p>Certyfikowany psycholog sportu rekomendowany przez Polskie Towarzystwo Psychologiczne. Posiada nominacj\u0119 na psychologa Polskiego Komitetu Olimpijskiego.<\/p>\n<ul>\n<li>prowadzi indywidualne konsultacje z uczniami w zakresie treningu mentalnego, w tym m.in. radzenia sobie ze stresem, wzmocnienia pewno\u015bci siebie, czy koncentracji, m.in. w celu nauki regulacji pobudzenia (stresu),&nbsp; czy poprawy skupienia.<\/li>\n<li>prowadzi cotygodniowe zaj\u0119cia z obszaru inteligencji emocjonalnej<\/li>\n<li>wraz z pedagogiem szkolnym interweniuje w sytuacjach kryzysowych<\/li>\n<\/ul>\n<ul>\n<li>wspiera grono pedagogiczne w rozwi\u0105zywaniu problem\u00f3w wychowawczych i dydaktycznych<\/li>\n<\/ul>\n<p>&nbsp;<\/p>\n<p><span style=\"text-decoration: underline;\">Dy\u017cury<\/span>:<\/p>\n<p><strong>Psycholog sportu:<br \/>\nWtorek 8.00-13.00<br \/>\n\u015aroda 8.00-13.00<br \/>\nCzwartek 8.00-13.00<\/strong><\/p>\n<p>&nbsp;<\/p>\n<p>Z powa\u017caniem,<\/p>\n<p>Marta Fiech<\/p>\n<p><strong>e-mail: <a href=\"mailto:marta.fiech@prus.sosnowiec.pl\">marta.fiech@prus.sosnowiec.pl<\/a><br \/>\n<\/strong><\/p>\n<p>&nbsp;<\/p>\n<h3><span style=\"text-decoration: underline;\"><span style=\"color: #000080;\"><strong>Aleksandra Urgacz-Jamrocha &#8211; pedagog szolny<\/strong><\/span><\/span><\/h3>\n<ul>\n<li>wsp\u00f3\u0142pracuj\u0119 z psychologiem i pedagogiem szkolnym, nauczycielami, wychowawcami, rodzicami i innymi specjalistami w rozpoznawaniu indywidualnych potrzeb rozwojowych i edukacyjnych oraz mo\u017cliwo\u015bci psychofizycznych uczni\u00f3w w celu okre\u015blenia mocnych stron, predyspozycji, zainteresowa\u0144 i uzdolnie\u0144 uczni\u00f3w oraz przyczyn niepowodze\u0144 edukacyjnych lub trudno\u015bci w funkcjonowaniu uczni\u00f3w, w tym barier i ogranicze\u0144 utrudniaj\u0105cych funkcjonowanie ucznia i jego uczestnictwo w \u017cyciu szko\u0142y<\/li>\n<li>rozwi\u0105zywanie problem\u00f3w dydaktycznych i wychowawczych<\/li>\n<li>wsp\u00f3\u0142praca z zespo\u0142em w zakresie opracowania i realizacji indywidualnego programu edukacyjno &#8211; terapeutycznego ucznia posiadaj\u0105cego orzeczenie o potrzebie kszta\u0142cenia specjalnego<\/li>\n<li>wsparcie w doborze metod, form kszta\u0142cenia i \u015brodk\u00f3w dydaktycznych do potrzeb uczni\u00f3w<\/li>\n<li>prowadzenie zaj\u0119\u0107 rewalidacyjnych w miar\u0119 potrzeb, zgodnie z posiadanymi kwalifikacjami<\/li>\n<\/ul>\n<p>&nbsp;<\/p>\n<p>email: aleksandra.urgacz@prus.sosnowiec.pl<\/p>\n<p>&nbsp;<\/p>\n<p><span style=\"text-decoration: underline;\">Pedagog specjalny:<\/span><\/p>\n<p><strong>Poniedzia\u0142ek 11-14:30<\/strong><\/p>\n<p><strong>\u015aroda 12-15:30<\/strong><\/p>\n<p><strong>Pi\u0105tek 11-16<\/strong><\/p>\n<p>&nbsp;<\/p>\n<p><strong><span style=\"color: #000080;\">GDZIE MO\u017bNA SZUKA\u0106 POMOCY?<\/span><\/strong><\/p>\n<p><strong>Poradnia Psychologiczno-Pedagogiczna nr 1<\/strong><br \/>\nul. Pi\u0142sudskiego 114, Sosnowiec, tel. 32 266 14 71<\/p>\n<p><strong>Poradnia Psychologiczno-Pedagogiczna nr 2<\/strong><br \/>\nul. Bia\u0142ostocka 17, Sosnowiec, tel. 32 263 30 34<\/p>\n<p><strong>Specjalistyczna Poradnia Rodzinna&nbsp;<\/strong><br \/>\nul. Okrzei 4, Katowice, tel. 32 258 35 12<\/p>\n<p><strong>Specjalistyczna Poradnia Psychologiczno-Pedagogiczna<\/strong>&nbsp;<br \/>\nul. Sokolska 26, Katowice, tel. 32 259 95 83<\/p>\n<p><strong>Telefon interwencji (przypadki przemocy)<\/strong><br \/>\ntel. 32 20 77 431<\/p>\n<p><strong>Og\u00f3lnopolskie Pogotowie Dla Ofiar Przemocy w Rodzinie&nbsp;<\/strong><br \/>\nNIEBIESKA LINIA 0 801 120 002<\/p>\n<p><strong>O\u015brodek Pomocy Wychowawczej<\/strong><br \/>\nul. Koszali\u0144ska 51, Sosnowiec, tel. 32 263 96 71<\/p>\n<p><strong>O\u015brodek Interwencji Kryzysowej<\/strong><br \/>\nul. Szymanowskiego 5a, Sosnowiec, tel. 32 298 93 88<\/p>\n<p><strong>Miejski O\u015brodek Opieki i Profilaktyki Dziecka i Rodziny<\/strong><br \/>\nul. Kraszewskiego 21, Sosnowiec, tel. 32 298 00 49<\/p>\n<p><strong>O\u015brodek Psychoterapii i Leczenia Uzale\u017cnienia od Alkoholu<\/strong><br \/>\nul. 1-go Maja 33, Sosnowiec, 32 266 24 34<\/p>\n<p><strong>Terenowy Komitet Ochrony Praw Dziecka<\/strong><br \/>\nul. Ko\u015bciuszki 5\/205, Sosnowiec, tel. 32 266 03 87<\/p>\n<p><strong>Punkt Informacyjno-Konsultacyjny (w zakresie przeciwdzia\u0142ania narkomanii) w budynku Zak\u0142adu Lecznictwa Ambulatoryjnego<\/strong><br \/>\nul. Wawel 15, (pok. 103), Sosnowiec, czynny w \u015brod\u0119 w godz. 16:00-18:00<\/p>\n<p>&nbsp;<\/p>\n<p>&nbsp;<\/p>\n<p>&nbsp;<\/p>\n","protected":false},"excerpt":{"rendered":"<p>Gregorczyk Katarzyna &#8211; pedagog szkolny prowadzi indywidualne konsultacje z uczniami, rodzicami oraz z gronem pedagogicznym; rozpoznaje indywidualne potrzeby uczni\u00f3w oraz pomaga w organizacji pomocy psychologiczno-pedagogicznej dla uczni\u00f3w ze specyficznymi potrzebami edukacyjnymi; udziela pomocy psychologicznej i wsparcia w rozwi\u0105zywaniu problem\u00f3w osobistych i szkolnych, prowadzi rozmowy terapeutyczne; interweniuje w sytuacjach kryzysowych; prowadzi zaj\u0119cia profilaktyczno-edukacyjne z uczniami; wsp\u00f3\u0142pracuje [&hellip;]<\/p>\n","protected":false},"author":9,"featured_media":0,"parent":8,"menu_order":3,"comment_status":"closed","ping_status":"closed","template":"","meta":{"ngg_post_thumbnail":0,"footnotes":"","_links_to":"","_links_to_target":""},"class_list":["post-1822","page","type-page","status-publish","hentry"],"_links":{"self":[{"href":"https:\/\/www.prus.sosnowiec.pl\/index.php\/wp-json\/wp\/v2\/pages\/1822","targetHints":{"allow":["GET"]}}],"collection":[{"href":"https:\/\/www.prus.sosnowiec.pl\/index.php\/wp-json\/wp\/v2\/pages"}],"about":[{"href":"https:\/\/www.prus.sosnowiec.pl\/index.php\/wp-json\/wp\/v2\/types\/page"}],"author":[{"embeddable":true,"href":"https:\/\/www.prus.sosnowiec.pl\/index.php\/wp-json\/wp\/v2\/users\/9"}],"replies":[{"embeddable":true,"href":"https:\/\/www.prus.sosnowiec.pl\/index.php\/wp-json\/wp\/v2\/comments?post=1822"}],"version-history":[{"count":30,"href":"https:\/\/www.prus.sosnowiec.pl\/index.php\/wp-json\/wp\/v2\/pages\/1822\/revisions"}],"predecessor-version":[{"id":19034,"href":"https:\/\/www.prus.sosnowiec.pl\/index.php\/wp-json\/wp\/v2\/pages\/1822\/revisions\/19034"}],"up":[{"embeddable":true,"href":"https:\/\/www.prus.sosnowiec.pl\/index.php\/wp-json\/wp\/v2\/pages\/8"}],"wp:attachment":[{"href":"https:\/\/www.prus.sosnowiec.pl\/index.php\/wp-json\/wp\/v2\/media?parent=1822"}],"curies":[{"name":"wp","href":"https:\/\/api.w.org\/{rel}","templated":true}]}}