{"id":1878,"date":"2018-01-18T00:04:36","date_gmt":"2018-01-17T23:04:36","guid":{"rendered":"http:\/\/serwer1476418.home.pl\/new\/?page_id=1878"},"modified":"2026-03-27T10:44:52","modified_gmt":"2026-03-27T09:44:52","slug":"dokumenty-szkolne","status":"publish","type":"page","link":"https:\/\/www.prus.sosnowiec.pl\/index.php\/nasza-szkola\/dokumenty-szkolne\/","title":{"rendered":"Dokumenty szkolne"},"content":{"rendered":"<div class=\"gla-postmetadataheader\">\n<h2 class=\"gla-postheader\">DOKUMENTY SZKOLNE<\/h2>\n<\/div>\n<div class=\"gla-postcontent clearfix\">\n<div class=\"gla-article\">\n<ul>\n<li><a href=\"https:\/\/serwer1476418.home.pl\/new\/wp-content\/uploads\/2024\/09\/Kalendarium-2024-2025.docx.pdf\">Kalendarium 2024\/2025<\/a><\/li>\n<li><a href=\"https:\/\/serwer1476418.home.pl\/new\/wp-content\/uploads\/2025\/04\/Statut-ZSO-nr-3-sierpien-2024-5.pdf\" target=\"_blank\" rel=\"noopener noreferrer\">Statut ZSO nr w Sosnowcu<\/a><\/li>\n<li><a href=\"https:\/\/serwer1476418.home.pl\/new\/wp-content\/uploads\/2025\/09\/Statut-III-LO-zmiany-2025.pdf\">Statut III Liceum Og\u00f3lnokszta\u0142c\u0105cego Mistrzostwa Sportowego im. Boles\u0142awa Prusa w Sosnowcu<\/a><\/li>\n<li><a href=\"https:\/\/serwer1476418.home.pl\/new\/wp-content\/uploads\/2025\/09\/Statut-SP-zmiany-2025.pdf\">Statut szko\u0142y podstawowej nr 48 Mistrzostwa Sportowego w Sosnowcu<\/a><\/li>\n<li><a href=\"https:\/\/serwer1476418.home.pl\/new\/wp-content\/uploads\/2020\/10\/Procedury-Bursa.pdf\">Procedury obowi\u0105zuj\u0105ce w Bursie Szkolnej ZSO3<\/a><\/li>\n<li><a href=\"https:\/\/serwer1476418.home.pl\/new\/wp-content\/uploads\/2020\/10\/PROCEDURY-ZWALNIANIA-M\u0141ODZIE\u017bY-W-BURSIE-SZKOLNEJ-W-SOSNOWCU.pdf\">Procedury zwalniania m\u0142odzie\u017cy w Bursie Szkolnej<\/a><\/li>\n<li><a href=\"https:\/\/serwer1476418.home.pl\/new\/wp-content\/uploads\/2025\/08\/Statut-Bursa-2025-2026.docx-1.pdf\">Statut Bursy szkolnej<\/a><\/li>\n<li><a href=\"https:\/\/serwer1476418.home.pl\/new\/wp-content\/uploads\/2024\/08\/regulamin-2024-2025.docx.pdf\">Regulamin Bursy szkolnej<\/a><\/li>\n<li><a href=\"https:\/\/serwer1476418.home.pl\/new\/wp-content\/uploads\/2020\/04\/Bezpiecze\u0144stwo-podczas-zdalnego-nauczania-1.pdf\">Zasady bezpiecze\u0144stwa podczas nauczania zdalnego<\/a><\/li>\n<li><a href=\"https:\/\/serwer1476418.home.pl\/new\/wp-content\/uploads\/2022\/09\/LO-PROGRAM-WYCHOWAWCZO-PROFILAKTYCZNY-2022-2023.pdf\">LO Szkolny Program Wychowawczo-Profilaktyczny 2022-2023<\/a><\/li>\n<li><a href=\"https:\/\/serwer1476418.home.pl\/new\/wp-content\/uploads\/2022\/09\/SP-PROGRAM-PROFILAKTYCZNO-WYCHOWAWCZY-2022-2023.pdf\">SP Szkolny_Program_Wychowawczo_Profilaktyczny_2022-2023<\/a><\/li>\n<li><a href=\"https:\/\/serwer1476418.home.pl\/new\/wp-content\/uploads\/2021\/12\/REGULAMIN-WYCIECZEK-SZKOLNYCH-ZSG-2021.pdf\">Szkolny Regulamin Wycieczek i Imprez &#8211; krajowych i zagranicznych<\/a><\/li>\n<li><a href=\"https:\/\/serwer1476418.home.pl\/new\/wp-content\/uploads\/2019\/12\/Regulamin-\u015bwietlicy-oraz-procedura-odbioru-dziecka.pdf\">Regulamin \u015bwietlicy szkolnej oraz procedura odbioru dziecka ze \u015bwietlicy SP48<\/a><\/li>\n<li><a href=\"http:\/\/prus.sosnowiec.pl\/images\/pdf\/zarzadzenie27_podreczniki.pdf\" target=\"_blank\" rel=\"noopener noreferrer\">Zarz\u0105dzenie Dyrektora Szko\u0142y w sprawie szczeg\u00f3\u0142owych warunk\u00f3w korzystania przez uczni\u00f3w z bezp\u0142atnych podr\u0119cznik\u00f3w<\/a><\/li>\n<li><a href=\"https:\/\/serwer1476418.home.pl\/new\/wp-content\/uploads\/2023\/08\/umowa-uzyczenia-podrecznikow-przez-rodzicow-1.pdf\">Umowa u\u017cyczenia uczniom bezp\u0142atnych podr\u0119cznik\u00f3w &#8211; dost\u0119pna u wychowawc\u00f3w klas<\/a><\/li>\n<li><strong><a href=\"https:\/\/serwer1476418.home.pl\/new\/wp-content\/uploads\/2023\/09\/klauzula-informacyjna-dla-pracownika-ZSO-3-_-28.08.2023.pdf\">Klauzula informacyjna dla pracownika ZSO 3<\/a><\/strong><\/li>\n<li><strong><a href=\"https:\/\/serwer1476418.home.pl\/new\/wp-content\/uploads\/2023\/09\/klauzula-informacyjna-na-podstawie-art.-13-RODO-_-ZSO-3-_-28.08.2023.pdf\">Klauzula informacyjna Art 13 RODO<\/a><\/strong><\/li>\n<li><strong><a href=\"https:\/\/serwer1476418.home.pl\/new\/wp-content\/uploads\/2023\/09\/klauzula-informacyjna-na-podstawie-art.-14-RODO-_-ZSO-3-_-28.08.2023.pdf\">Klauzula informacyjna Art 14 RODO<\/a><\/strong><\/li>\n<li><a href=\"https:\/\/serwer1476418.home.pl\/new\/wp-content\/uploads\/2024\/06\/Standardy-WERSJA-KOMPLETNA.pdf\">Standardy ochrony ma\u0142oletnich<\/a><\/li>\n<\/ul>\n<\/div>\n<\/div>\n","protected":false},"excerpt":{"rendered":"<p>DOKUMENTY SZKOLNE Kalendarium 2024\/2025 Statut ZSO nr w Sosnowcu Statut III Liceum Og\u00f3lnokszta\u0142c\u0105cego Mistrzostwa Sportowego im. Boles\u0142awa Prusa w Sosnowcu Statut szko\u0142y podstawowej nr 48 Mistrzostwa Sportowego w Sosnowcu Procedury obowi\u0105zuj\u0105ce w Bursie Szkolnej ZSO3 Procedury zwalniania m\u0142odzie\u017cy w Bursie Szkolnej Statut Bursy szkolnej Regulamin Bursy szkolnej Zasady bezpiecze\u0144stwa podczas nauczania zdalnego LO Szkolny Program [&hellip;]<\/p>\n","protected":false},"author":9,"featured_media":0,"parent":8,"menu_order":12,"comment_status":"closed","ping_status":"closed","template":"","meta":{"ngg_post_thumbnail":0,"footnotes":"","_links_to":"","_links_to_target":""},"class_list":["post-1878","page","type-page","status-publish","hentry"],"_links":{"self":[{"href":"https:\/\/www.prus.sosnowiec.pl\/index.php\/wp-json\/wp\/v2\/pages\/1878","targetHints":{"allow":["GET"]}}],"collection":[{"href":"https:\/\/www.prus.sosnowiec.pl\/index.php\/wp-json\/wp\/v2\/pages"}],"about":[{"href":"https:\/\/www.prus.sosnowiec.pl\/index.php\/wp-json\/wp\/v2\/types\/page"}],"author":[{"embeddable":true,"href":"https:\/\/www.prus.sosnowiec.pl\/index.php\/wp-json\/wp\/v2\/users\/9"}],"replies":[{"embeddable":true,"href":"https:\/\/www.prus.sosnowiec.pl\/index.php\/wp-json\/wp\/v2\/comments?post=1878"}],"version-history":[{"count":109,"href":"https:\/\/www.prus.sosnowiec.pl\/index.php\/wp-json\/wp\/v2\/pages\/1878\/revisions"}],"predecessor-version":[{"id":18006,"href":"https:\/\/www.prus.sosnowiec.pl\/index.php\/wp-json\/wp\/v2\/pages\/1878\/revisions\/18006"}],"up":[{"embeddable":true,"href":"https:\/\/www.prus.sosnowiec.pl\/index.php\/wp-json\/wp\/v2\/pages\/8"}],"wp:attachment":[{"href":"https:\/\/www.prus.sosnowiec.pl\/index.php\/wp-json\/wp\/v2\/media?parent=1878"}],"curies":[{"name":"wp","href":"https:\/\/api.w.org\/{rel}","templated":true}]}}