{"id":1906,"date":"2018-01-18T00:52:29","date_gmt":"2018-01-17T23:52:29","guid":{"rendered":"http:\/\/serwer1476418.home.pl\/new\/?page_id=1906"},"modified":"2023-08-08T11:40:27","modified_gmt":"2023-08-08T09:40:27","slug":"wspolpraca-miedzynarodowa","status":"publish","type":"page","link":"https:\/\/www.prus.sosnowiec.pl\/index.php\/nasza-szkola\/wspolpraca-miedzynarodowa\/","title":{"rendered":"Wsp\u00f3\u0142praca Mi\u0119dzynarodowa"},"content":{"rendered":"<p style=\"text-align: center;\"><a href=\"https:\/\/www.prus.sosnowiec.pl\/index.php\/comenius\/\">COMENIUS<\/a><\/p>\n<p>&nbsp;<\/p>\n<p style=\"text-align: center;\"><a href=\"https:\/\/www.prus.sosnowiec.pl\/index.php\/erasmus-2\/\">ERASMUS+<\/a><\/p>\n<p>&nbsp;<\/p>\n<p>&nbsp;<\/p>\n<p><center><\/center>&nbsp;<\/p>\n<p style=\"text-align: center;\">&nbsp;<\/p>\n<p>&nbsp;<\/p>\n","protected":false},"excerpt":{"rendered":"<p>COMENIUS &nbsp; ERASMUS+ &nbsp; &nbsp; &nbsp; &nbsp; &nbsp;<\/p>\n","protected":false},"author":9,"featured_media":0,"parent":8,"menu_order":15,"comment_status":"closed","ping_status":"closed","template":"","meta":{"ngg_post_thumbnail":0,"footnotes":"","_links_to":"","_links_to_target":""},"class_list":["post-1906","page","type-page","status-publish","hentry"],"_links":{"self":[{"href":"https:\/\/www.prus.sosnowiec.pl\/index.php\/wp-json\/wp\/v2\/pages\/1906","targetHints":{"allow":["GET"]}}],"collection":[{"href":"https:\/\/www.prus.sosnowiec.pl\/index.php\/wp-json\/wp\/v2\/pages"}],"about":[{"href":"https:\/\/www.prus.sosnowiec.pl\/index.php\/wp-json\/wp\/v2\/types\/page"}],"author":[{"embeddable":true,"href":"https:\/\/www.prus.sosnowiec.pl\/index.php\/wp-json\/wp\/v2\/users\/9"}],"replies":[{"embeddable":true,"href":"https:\/\/www.prus.sosnowiec.pl\/index.php\/wp-json\/wp\/v2\/comments?post=1906"}],"version-history":[{"count":9,"href":"https:\/\/www.prus.sosnowiec.pl\/index.php\/wp-json\/wp\/v2\/pages\/1906\/revisions"}],"predecessor-version":[{"id":12524,"href":"https:\/\/www.prus.sosnowiec.pl\/index.php\/wp-json\/wp\/v2\/pages\/1906\/revisions\/12524"}],"up":[{"embeddable":true,"href":"https:\/\/www.prus.sosnowiec.pl\/index.php\/wp-json\/wp\/v2\/pages\/8"}],"wp:attachment":[{"href":"https:\/\/www.prus.sosnowiec.pl\/index.php\/wp-json\/wp\/v2\/media?parent=1906"}],"curies":[{"name":"wp","href":"https:\/\/api.w.org\/{rel}","templated":true}]}}