{"id":1966,"date":"2020-02-03T12:00:54","date_gmt":"2020-02-03T11:00:54","guid":{"rendered":"http:\/\/serwer1476418.home.pl\/new\/?page_id=1966"},"modified":"2026-04-13T09:02:20","modified_gmt":"2026-04-13T07:02:20","slug":"nabor-do-sp-na-2022-2023","status":"publish","type":"page","link":"https:\/\/www.prus.sosnowiec.pl\/index.php\/rekrutacja22-23\/nabor-do-sp-na-2022-2023\/","title":{"rendered":"Nab\u00f3r do SP48 na 2026\/2027"},"content":{"rendered":"<p><img loading=\"lazy\" decoding=\"async\" class=\"aligncenter size-full wp-image-20295\" src=\"https:\/\/serwer1476418.home.pl\/new\/wp-content\/uploads\/2026\/03\/Tarcza-SP48-bez-tla-do-magisto-209x162-1.gif\" alt=\"\" width=\"209\" height=\"162\"><\/p>\n<h3 style=\"text-align: center;\"><a href=\"https:\/\/sp-sosnowiec.nabory.pl\/\"><br \/>\n<img loading=\"lazy\" decoding=\"async\" class=\"aligncenter wp-image-20290\" src=\"https:\/\/serwer1476418.home.pl\/new\/wp-content\/uploads\/2026\/03\/rekrutacjaSp48a2026.jpg\" alt=\"\" width=\"667\" height=\"195\" srcset=\"https:\/\/serwer1476418.home.pl\/new\/wp-content\/uploads\/2026\/03\/rekrutacjaSp48a2026.jpg 600w, https:\/\/serwer1476418.home.pl\/new\/wp-content\/uploads\/2026\/03\/rekrutacjaSp48a2026-300x88.jpg 300w\" sizes=\"auto, (max-width: 667px) 100vw, 667px\" \/><\/a><\/h3>\n<h3 style=\"text-align: center;\"><strong><span style=\"color: #ff0000;\"><a style=\"color: #ff0000;\" href=\"https:\/\/sp-sosnowiec.nabory.pl\/\"><span style=\"font-family: firaSemi, serif;\"><span style=\"font-size: large;\"><u>Link do miejskiego systemu rekrutacji&nbsp;<\/u><\/span><\/span><\/a><\/span><\/strong><\/h3>\n<p>&nbsp;<\/p>\n<p style=\"text-align: center;\"><span style=\"color: #154d88;\"><span style=\"font-family: firaSemi, serif;\"><span style=\"font-size: large;\"><u>INFORMACJE O PROFILACH<\/u><\/span><\/span><\/span><span style=\"color: #154d88;\"><span style=\"font-family: firaSemi, serif;\"><span style=\"font-size: large;\"><br \/>\n(gimnastyka artystyczna, p\u0142ywanie, pi\u0142ka no\u017cna, pi\u0142ka siatkowa)<\/span><\/span><\/span><\/p>\n<p>&nbsp;<\/p>\n<p style=\"text-align: center;\"><span style=\"color: #000000;\"><span style=\"font-family: firaRegular, serif;\"><span style=\"font-size: small;\">Klasy realizuj\u0105 szkolenie sportowe przy wsp\u00f3\u0142pracy i pod patronatem&nbsp;Fundacji Dynamica<\/span><\/span><\/span><span style=\"color: #000000;\"><span style=\"font-family: firaSemi, serif;\"><span style=\"font-size: small;\">, <\/span><\/span><\/span><span style=\"font-family: firaRegular, serif;\"><span style=\"font-size: small;\">Klubu P\u0142ywackiego Karlik, <\/span><\/span><span style=\"font-family: firaSemi, serif;\"><span style=\"font-size: small;\">Klubu Pi\u0142karskiego Zag\u0142\u0119bie Sosnowiec, Klubu Sportowego P\u0142omie\u0144 Sosnowiec.<\/span><\/span><\/p>\n<p style=\"text-align: center;\"><span style=\"color: #000000;\"><span style=\"font-family: firaSemi, serif;\"><span style=\"font-size: small;\">Szkolenie sportowe z zakresu p\u0142ywania, gimnastyki artystycznej, pi\u0142ki no\u017cnej, pi\u0142ki siatkowej, prowadzone jest przez specjalist\u00f3w&nbsp;<\/span><\/span><\/span><span style=\"color: #000000;\"><span style=\"font-family: firaRegular, serif;\"><span style=\"font-size: small;\">(nauczycieli wychowania fizycznego, trener\u00f3w i instruktor\u00f3w sportu posiadaj\u0105cych przygotowanie pedagogiczne) .<\/span><\/span><\/span><span style=\"color: #000000;\"><span style=\"font-family: firaSemi, serif;\"><span style=\"font-size: small;\"><br \/>\n<\/span><\/span><\/span><\/p>\n<p><span style=\"color: #000000;\"><span style=\"font-family: firaSemi, serif;\"><span style=\"font-size: small;\">Doskona\u0142a szkolna infrastruktura sportowo-rekreacyjna:<\/span><\/span><\/span><\/p>\n<ul>\n<li><span style=\"color: #000000;\"><span style=\"font-family: firaRegular, serif;\"><span style=\"font-size: small;\">P\u0142ywalnia 25m (na miejscu)<\/span><\/span><\/span><\/li>\n<li><span style=\"color: #000000;\"><span style=\"font-family: firaRegular, serif;\"><span style=\"font-size: small;\">Hala sportowa 35m (na miejscu)<\/span><\/span><\/span><\/li>\n<li><span style=\"color: #000000;\"><span style=\"font-family: firaRegular, serif;\"><span style=\"font-size: small;\">Si\u0142ownia (na miejscu)<\/span><\/span><\/span><\/li>\n<li><span style=\"color: #000000;\"><span style=\"font-family: firaRegular, serif;\"><span style=\"font-size: small;\">Sala fitness (na miejscu)<\/span><\/span><\/span><\/li>\n<li><span style=\"color: #000000;\"><span style=\"font-family: firaRegular, serif;\"><span style=\"font-size: small;\">Sala tenisa sto\u0142owego (na miejscu)<\/span><\/span><\/span><\/li>\n<li><span style=\"color: #000000;\"><span style=\"font-family: firaRegular, serif;\"><span style=\"font-size: small;\">Tereny zielone: Park im. Jana Fusi\u0144skiego (bezpo\u015brednio przylegaj\u0105cy do szko\u0142y)<\/span><\/span><\/span><\/li>\n<li><span style=\"color: #000000;\"><span style=\"font-family: firaRegular, serif;\"><span style=\"font-size: small;\">Stadion lekkoatletyczny (10 minut pieszo od szko\u0142y)<\/span><\/span><\/span><\/li>\n<li><span style=\"color: #000000;\"><span style=\"font-family: firaRegular, serif;\"><span style=\"font-size: small;\">Stadion i boiska treningowe Klubu Pi\u0142karskiego Zag\u0142\u0119bie Sosnowiec (200 metr\u00f3w od szko\u0142y)<\/span><\/span><\/span><\/li>\n<li><span style=\"color: #000000;\"><span style=\"font-family: firaRegular, serif;\"><span style=\"font-size: small;\">sto\u0142\u00f3wka szkolna (na miejscu)<\/span><\/span><\/span><\/li>\n<li><span style=\"color: #000000;\"><span style=\"font-family: firaRegular, serif;\"><span style=\"font-size: small;\">opieka pedagoga\/psychologa\/psychologa sportu (na miejscu)<\/span><\/span><\/span><span style=\"color: #575757;\"><span style=\"font-family: firaRegular, serif;\"><span style=\"font-size: small;\">&nbsp;<\/span><\/span><\/span><\/li>\n<\/ul>\n<p>&nbsp;<\/p>\n<p style=\"text-align: center;\"><span style=\"color: #000000;\"><span style=\"font-family: firaSemi, serif;\"><span style=\"font-size: small;\">Klasy i grupy \u0107wiczeniowe zapewniaj\u0105ce wysok\u0105 indywidualizacj\u0119 treningu.<\/span><\/span><\/span><\/p>\n<p style=\"text-align: center;\"><span style=\"color: #000000;\"><span style=\"font-family: firaSemi, serif;\"><span style=\"font-size: small;\">Wymiar godzin szkolenia sportowego<\/span><\/span><\/span><span style=\"color: #000000;\"><span style=\"font-family: firaRegular, serif;\"><span style=\"font-size: small;\">: klasy 1, 2, 3 &#8211; &nbsp;<\/span><\/span><\/span><span style=\"font-family: firaRegular, serif;\"><span style=\"font-size: small;\">13 godzin tygodniowo, klasy 4, 5, 6 &#8211; &nbsp;12 godzin tygodniowo.<\/span><\/span><\/p>\n<p style=\"text-align: center;\"><span style=\"color: #000000;\"><span style=\"font-family: firaRegular, serif;\"><span style=\"font-size: small;\">Program nauczania poza szkoleniem specjalistycznym w zakresie p\u0142ywania, gimnastyki artystycznej , pi\u0142ki siatkowej, pi\u0142ki no\u017cnej obejmuje:<\/span><\/span><\/span><\/p>\n<ul>\n<li><span style=\"color: #000000;\"><span style=\"font-family: firaRegular, serif;\"><span style=\"font-size: small;\">Starty w zawodach sportowych (miejskich i og\u00f3lnopolskich)<\/span><\/span><\/span><\/li>\n<li><span style=\"color: #000000;\"><span style=\"font-family: firaRegular, serif;\"><span style=\"font-size: small;\">Wycieczki rowerowe<\/span><\/span><\/span><\/li>\n<li><span style=\"color: #000000;\"><span style=\"font-family: firaRegular, serif;\"><span style=\"font-size: small;\">Wycieczki g\u00f3rskie<\/span><\/span><\/span><\/li>\n<li><span style=\"color: #000000;\"><span style=\"font-family: firaRegular, serif;\"><span style=\"font-size: small;\">Wyj\u015bcia do parku trampolin<\/span><\/span><\/span><\/li>\n<li><span style=\"color: #000000;\"><span style=\"font-family: firaRegular, serif;\"><span style=\"font-size: small;\">Zaj\u0119cia sportowe w strefie Wake Zone Stawiki<\/span><\/span><\/span><\/li>\n<\/ul>\n<p style=\"text-align: center;\"><span style=\"color: #ff0000;\"><span style=\"font-family: firaSemi, serif;\"><span style=\"font-size: small;\">Wszystkie klasy sportowe realizuj\u0105 ramowy plan nauczania zgodny z rozporz\u0105dzeniem oraz dodatkowy wymiar godzin szkolenia sportowego&nbsp;&nbsp;<\/span><\/span><\/span><span style=\"font-family: firaSemi, serif;\"><span style=\"font-size: small;\">(tj. wymiar zaj\u0119\u0107 dydaktycznych jest identyczny jak w klasach\/szko\u0142ach&nbsp; og\u00f3lnych, kt\u00f3ry w SP48 jest zwi\u0119kszony o dodatkowe godziny zaj\u0119\u0107 sportowych).<\/span><\/span><\/p>\n<p style=\"text-align: center;\"><span style=\"font-family: firaSemi, serif;\"><span style=\"font-size: small;\">Testy post\u0119p\u00f3w sportowych przeprowadzane s\u0105 dwa razy w roku szkolnym i decyduj\u0105 o pozostaniu ucznia w klasie sportowej.<\/span><\/span><\/p>\n<p style=\"text-align: center;\"><a name=\"_GoBack\"><\/a> <span style=\"color: #ff0000;\"><span style=\"font-family: firaSemi, serif;\"><span style=\"font-size: small;\">Maksymalne limity miejsc w poszczeg\u00f3lnych klasach<\/span><\/span><\/span><span style=\"font-family: firaSemi, serif;\"><span style=\"font-size: medium;\">: klasa 1: 24 uczni\u00f3w (grupa I: 12; grupa II: 12) , klasa 4, 6 : 24 uczni\u00f3w.<\/span><\/span><\/p>\n<p>&nbsp;<\/p>\n<p align=\"center\"><span style=\"color: #ff0000;\"><span style=\"font-family: Times New Roman, serif;\">TERMINARZ <\/span><\/span><\/p>\n<p align=\"center\"><span style=\"color: #0070c0;\"><span style=\"font-family: Times New Roman, serif;\">post\u0119powania rekrutacyjnego do klas 1, 4, 6 SP<\/span><\/span><\/p>\n<p align=\"center\"><span style=\"color: #0070c0;\"><span style=\"font-family: Times New Roman, serif;\">na rok szkolny 2026-2027<\/span><\/span><\/p>\n<p><iframe style=\"width: 100%; height: 500px;\" src=\"http:\/\/docs.google.com\/gview?url=https:\/\/serwer1476418.home.pl\/new\/wp-content\/uploads\/2026\/02\/aktualny-TERMINARZ-postepowania-rekrutacyjnego-do-klas-1.pdf&amp;embedded=true\" frameborder=\"0\"><\/iframe><a href=\"https:\/\/serwer1476418.home.pl\/new\/wp-content\/uploads\/2026\/02\/aktualny-TERMINARZ-postepowania-rekrutacyjnego-do-klas-1.pdf\">aktualny TERMINARZ post\u0119powania rekrutacyjnego do klas 1<\/a><\/p>\n<p>&nbsp;<\/p>\n<p><iframe style=\"width: 100%; height: 500px;\" src=\"http:\/\/docs.google.com\/gview?url=https:\/\/serwer1476418.home.pl\/new\/wp-content\/uploads\/2026\/04\/klasa-1-TERMINARZ-rekrutacji-uzupelniajacej-2026-2027.pdf&amp;embedded=true\" frameborder=\"0\"><\/iframe><a href=\"https:\/\/serwer1476418.home.pl\/new\/wp-content\/uploads\/2026\/04\/klasa-1-TERMINARZ-rekrutacji-uzupelniajacej-2026-2027.pdf\">klasa 1 TERMINARZ rekrutacji uzupe\u0142niaj\u0105cej 2026-2027<\/a><\/p>\n<p>&nbsp;<\/p>\n<p><iframe style=\"width: 100%; height: 500px;\" src=\"http:\/\/docs.google.com\/gview?url=https:\/\/serwer1476418.home.pl\/new\/wp-content\/uploads\/2026\/04\/klasa-4-TERMINARZ-rekrutacji-uzupelniajacej-2026-2027.pdf&amp;embedded=true\" frameborder=\"0\"><\/iframe><a href=\"https:\/\/serwer1476418.home.pl\/new\/wp-content\/uploads\/2026\/04\/klasa-4-TERMINARZ-rekrutacji-uzupelniajacej-2026-2027.pdf\">klasa 4 TERMINARZ rekrutacji uzupe\u0142niaj\u0105cej 2026-2027<\/a><\/p>\n<h2 style=\"text-align: center;\">Nabory do szk\u00f3\u0142 podstawowych w Sosnowcu<\/h2>\n<p style=\"text-align: center;\">link poni\u017cej<\/p>\n<p style=\"text-align: center;\">http:\/\/sp-sosnowiec.nabory.pl<\/p>\n","protected":false},"excerpt":{"rendered":"<p>Link do miejskiego systemu rekrutacji&nbsp; &nbsp; INFORMACJE O PROFILACH (gimnastyka artystyczna, p\u0142ywanie, pi\u0142ka no\u017cna, pi\u0142ka siatkowa) &nbsp; Klasy realizuj\u0105 szkolenie sportowe przy wsp\u00f3\u0142pracy i pod patronatem&nbsp;Fundacji Dynamica, Klubu P\u0142ywackiego Karlik, Klubu Pi\u0142karskiego Zag\u0142\u0119bie Sosnowiec, Klubu Sportowego P\u0142omie\u0144 Sosnowiec. Szkolenie sportowe z zakresu p\u0142ywania, gimnastyki artystycznej, pi\u0142ki no\u017cnej, pi\u0142ki siatkowej, prowadzone jest przez specjalist\u00f3w&nbsp;(nauczycieli wychowania fizycznego, [&hellip;]<\/p>\n","protected":false},"author":10,"featured_media":0,"parent":7,"menu_order":1,"comment_status":"closed","ping_status":"closed","template":"","meta":{"ngg_post_thumbnail":0,"footnotes":"","_links_to":"","_links_to_target":""},"class_list":["post-1966","page","type-page","status-publish","hentry"],"_links":{"self":[{"href":"https:\/\/www.prus.sosnowiec.pl\/index.php\/wp-json\/wp\/v2\/pages\/1966","targetHints":{"allow":["GET"]}}],"collection":[{"href":"https:\/\/www.prus.sosnowiec.pl\/index.php\/wp-json\/wp\/v2\/pages"}],"about":[{"href":"https:\/\/www.prus.sosnowiec.pl\/index.php\/wp-json\/wp\/v2\/types\/page"}],"author":[{"embeddable":true,"href":"https:\/\/www.prus.sosnowiec.pl\/index.php\/wp-json\/wp\/v2\/users\/10"}],"replies":[{"embeddable":true,"href":"https:\/\/www.prus.sosnowiec.pl\/index.php\/wp-json\/wp\/v2\/comments?post=1966"}],"version-history":[{"count":310,"href":"https:\/\/www.prus.sosnowiec.pl\/index.php\/wp-json\/wp\/v2\/pages\/1966\/revisions"}],"predecessor-version":[{"id":20680,"href":"https:\/\/www.prus.sosnowiec.pl\/index.php\/wp-json\/wp\/v2\/pages\/1966\/revisions\/20680"}],"up":[{"embeddable":true,"href":"https:\/\/www.prus.sosnowiec.pl\/index.php\/wp-json\/wp\/v2\/pages\/7"}],"wp:attachment":[{"href":"https:\/\/www.prus.sosnowiec.pl\/index.php\/wp-json\/wp\/v2\/media?parent=1966"}],"curies":[{"name":"wp","href":"https:\/\/api.w.org\/{rel}","templated":true}]}}