{"id":6340,"date":"2020-05-05T10:48:29","date_gmt":"2020-05-05T08:48:29","guid":{"rendered":"http:\/\/www.prus.sosnowiec.pl\/?page_id=6340"},"modified":"2020-05-05T10:53:12","modified_gmt":"2020-05-05T08:53:12","slug":"105-lat-szkoly","status":"publish","type":"page","link":"https:\/\/www.prus.sosnowiec.pl\/index.php\/nasza-szkola\/o-szkole\/105-lat-szkoly\/","title":{"rendered":"105 lat szko\u0142y"},"content":{"rendered":"<p style=\"text-align: center;\">Wspomnienia<\/p>\n<p style=\"text-align: center;\">\u00a0\u00a0\u00a0\u00a0\u00a0\u00a0\u00a0\u00a0\u00a0\u00a0\u00a0 B\u0119d\u0105c uczennic\u0105 III Liceum Og\u00f3lnokszta\u0142c\u0105cego im. Boles\u0142awa Prusa w Sosnowcu, nigdy nie przypuszcza\u0142am, \u017ce kiedy\u015b b\u0119d\u0119 tam \u00a0uczy\u0142a j\u0119zyka polskiego. W czasach, gdy ucz\u0119szcza\u0142am do szko\u0142y, by\u0142am bowiem osob\u0105 uwielbiaj\u0105c\u0105\u00a0 wszelkiego rodzaju \u017carty i szale\u0144stwa oraz robienie innym kawa\u0142\u00f3w; jednym s\u0142owem daleko mi by\u0142o do odgrywania roli statecznej nauczycielki.<\/p>\n<p style=\"text-align: center;\">\u00a0\u00a0\u00a0\u00a0\u00a0\u00a0\u00a0\u00a0\u00a0\u00a0\u00a0 O liceum \u201ePrusa\u201d pierwszy raz us\u0142ysza\u0142am od mojej wychowawczyni ze szko\u0142y podstawowej, kt\u00f3rej syn w\u0142a\u015bnie tam ucz\u0119szcza\u0142. Zainteresowa\u0142am si\u0119 szko\u0142\u0105, pomimo tego \u017ce\u00a0 do innych mia\u0142am bli\u017cej, poniewa\u017c w \u201ePrusie\u201d &#8211;\u00a0 jako jedynym liceum w Sosnowcu &#8211;\u00a0 istnia\u0142y klasy o profilu humanistycznym, a ja \u201eod zawsze\u201d uwielbia\u0142am j\u0119zyk polski i histori\u0119, a nie przepada\u0142am za matematyk\u0105.<\/p>\n<p style=\"text-align: center;\">\u00a0\u00a0\u00a0\u00a0\u00a0\u00a0\u00a0\u00a0\u00a0\u00a0\u00a0 Pierwsze wra\u017cenie &#8211; bardzo pozytywne. Przynosz\u0119 \u015bwiadectwo uko\u0144czenia klasy VIII ( w moich czasach o przyj\u0119ciu do liceum decydowa\u0142 konkurs \u015bwiadectw), a wicedyrektor szko\u0142y \u015bp. Pan mgr Boles\u0142aw G\u00f3rczy\u0144ski zlicza \u015bredni\u0105 ocen w pami\u0119ci. Kole\u017canka, z kt\u00f3r\u0105 przysz\u0142am, jest oburzona. Jak mo\u017cna! Przecie\u017c powinien u\u017cy\u0107 kalkulatora ( w tych czasach nie by\u0142o kom\u00f3rek). Na pewno \u017ale jej policzy\u0142 \u015bredni\u0105 i nie dostanie si\u0119 do szko\u0142y. Ja tam jestem spokojna\u00a0 o umiej\u0119tno\u015bci wicedyrektora, fizyka z wykszta\u0142cenia w ko\u0144cu!<\/p>\n<p style=\"text-align: center;\">\u00a0\u00a0\u00a0\u00a0\u00a0\u00a0\u00a0\u00a0\u00a0\u00a0\u00a0 Rozpoczyna si\u0119 nowy rok szkolny jeszcze w budynku przy ulicy Zegad\u0142owicza. Jestem zadowolona, poniewa\u017c profil humanistyczny ma du\u017co godzin j\u0119zyka polskiego (6), ale ku mojemu zdziwieniu a\u017c trzy godziny matematyki, gdy tymczasem ja w swojej naiwno\u015bci my\u015bla\u0142am, \u017ce nie b\u0119dzie jej wcale!\u00a0 C\u00f3\u017c, nie ma lekko i trzeba i\u015b\u0107 do przodu!<\/p>\n<p style=\"text-align: center;\">\u00a0\u00a0\u00a0\u00a0\u00a0\u00a0\u00a0\u00a0\u00a0\u00a0\u00a0 Moja nowa licealna klasa okazuje si\u0119 \u00a0fajna, lecz w zdecydowanej wi\u0119kszo\u015bci sk\u0142ada si\u0119 z dziewczyn; ch\u0142opc\u00f3w mamy tylko dw\u00f3ch. Za to w klasie o profilu biologiczno-chemicznych, matematycznym i \u00a0og\u00f3lnym ch\u0142opc\u00f3w bardzo du\u017co. No, \u00a0ale co robi\u0107, chcia\u0142am profil \u00a0humanistyczny, to mam babiniec. Obiektem westchnie\u0144\u00a0 wi\u0119kszo\u015bci kole\u017canek z klasy i moim s\u0105 ch\u0142opcy z klas czwartych, maturzy\u015bci, prawie doro\u015bli, kt\u00f3rzy niestety nie zwracaj\u0105 na nas uwagi, oraz pewien przystojny kolega z klasy biol-chem.<\/p>\n<p style=\"text-align: center;\">\u00a0\u00a0\u00a0\u00a0\u00a0\u00a0\u00a0\u00a0\u00a0\u00a0\u00a0 Szkolne \u017cycie zaczyna toczy\u0107 si\u0119 swoim rytmem. Jest nie\u0142atwo, bo \u201ePrus\u201d trzyma poziom. Nauczyciele wiele od nas wymagaj\u0105, a my uczniowie staramy si\u0119, jak mo\u017cemy, urozmaicaj\u0105c sobie monotoni\u0119 nauki r\u00f3\u017cnego rodzaju wyg\u0142upami. Ja zas\u0142yn\u0119\u0142am aktorskimi parodiami wyst\u0119p\u00f3w r\u00f3\u017cnych zespo\u0142\u00f3w rockowych oraz\u00a0 odgrywaniem scenek filmowych, r\u00f3wnie\u017c w parodystyczny spos\u00f3b. Jeszcze po wielu latach, gdy wraz z kole\u017cankami zorganizowa\u0142y\u015bmy spotkanie ile\u015b tam lat po maturze, to wspomina\u0142y\u015bmy te moje wyst\u0119py.<\/p>\n<p style=\"text-align: center;\">W klasie maturalnej natomiast zas\u0142yn\u0119\u0142am jako wr\u00f3\u017cka potrafi\u0105ca przewidzie\u0107, kto b\u0119dzie pytany podczas lekcji historii u bardzo wymagaj\u0105cej \u015bp. Pani mgr Teresy Grondal.<\/p>\n<p style=\"text-align: center;\">Widocznie ju\u017c wtedy tli\u0142y si\u0119 we mnie -g\u0142\u0119boko jeszcze ukryte &#8211; \u00a0zdolno\u015bci nauczycielskie. Wszyscy bowiem my\u015bleli, \u017ce Pani Profesor pyta wed\u0142ug jakiego\u015b klucza i \u017ce \u00a0go rozgryz\u0142am, gdy tymczasem ja po prostu sporz\u0105dzi\u0142am sobie co\u015b w rodzaju dziennika, do kt\u00f3rego \u00a0nanosi\u0142am oceny poszczeg\u00f3lnych kole\u017canek i na tej podstawie, analizuj\u0105c ich stopnie z historii, typowa\u0142am bez pud\u0142a, kto danego dnia b\u0119dzie pytany. Nigdy \u00a0nie zapomn\u0119, jak pewnego razu\u00a0 podczas przerwy kole\u017canka podbieg\u0142a do mnie i zdenerwowana krzycza\u0142a , \u201ekogo dzisiaj zapyta\u201d, a ja szybko odpowiedzia\u0142am jej \u201eCiebie\u201d, bo nie mia\u0142am ju\u017c czasu na analiz\u0119 ocen. I ku mojemu nieopisanemu zdumieniu Pani Profesor zapyta\u0142a w\u0142a\u015bnie j\u0105. Moje \u201eakcje\u201d od tej pory \u00a0w niesamowity spos\u00f3b wzros\u0142y, a ja nie mia\u0142am ju\u017c spokoju, bo uznano mnie za wyroczni\u0119.<\/p>\n<p style=\"text-align: center;\">\u00a0\u00a0\u00a0\u00a0\u00a0\u00a0\u00a0\u00a0\u00a0\u00a0\u00a0 Stare dobre czasy min\u0119\u0142y bezpowrotnie, ale \u201ePrus\u201d dalej trwa, uczy, wychowuje, a obecni uczniowie &#8211;\u00a0 tak jak i ci z dawnych lat &#8211; wnosz\u0105 wiele rado\u015bci w \u017cycie szkolnej spo\u0142eczno\u015bci, co szczeg\u00f3lnie doceniam obecnie, w dobie koronawirusa, gdy nauczamy zdalnie.<\/p>\n<p style=\"text-align: right;\">Jolanta Jelonek<\/p>\n","protected":false},"excerpt":{"rendered":"<p>Wspomnienia \u00a0\u00a0\u00a0\u00a0\u00a0\u00a0\u00a0\u00a0\u00a0\u00a0\u00a0 B\u0119d\u0105c uczennic\u0105 III Liceum Og\u00f3lnokszta\u0142c\u0105cego im. Boles\u0142awa Prusa w Sosnowcu, nigdy nie przypuszcza\u0142am, \u017ce kiedy\u015b b\u0119d\u0119 tam \u00a0uczy\u0142a j\u0119zyka polskiego. W czasach, gdy ucz\u0119szcza\u0142am do szko\u0142y, by\u0142am bowiem osob\u0105 uwielbiaj\u0105c\u0105\u00a0 wszelkiego rodzaju \u017carty i szale\u0144stwa oraz robienie innym kawa\u0142\u00f3w; jednym s\u0142owem daleko mi by\u0142o do odgrywania roli statecznej nauczycielki. \u00a0\u00a0\u00a0\u00a0\u00a0\u00a0\u00a0\u00a0\u00a0\u00a0\u00a0 O liceum \u201ePrusa\u201d [&hellip;]<\/p>\n","protected":false},"author":10,"featured_media":6327,"parent":1818,"menu_order":1,"comment_status":"closed","ping_status":"closed","template":"","meta":{"ngg_post_thumbnail":0,"footnotes":"","_links_to":"","_links_to_target":""},"class_list":["post-6340","page","type-page","status-publish","has-post-thumbnail","hentry"],"_links":{"self":[{"href":"https:\/\/www.prus.sosnowiec.pl\/index.php\/wp-json\/wp\/v2\/pages\/6340","targetHints":{"allow":["GET"]}}],"collection":[{"href":"https:\/\/www.prus.sosnowiec.pl\/index.php\/wp-json\/wp\/v2\/pages"}],"about":[{"href":"https:\/\/www.prus.sosnowiec.pl\/index.php\/wp-json\/wp\/v2\/types\/page"}],"author":[{"embeddable":true,"href":"https:\/\/www.prus.sosnowiec.pl\/index.php\/wp-json\/wp\/v2\/users\/10"}],"replies":[{"embeddable":true,"href":"https:\/\/www.prus.sosnowiec.pl\/index.php\/wp-json\/wp\/v2\/comments?post=6340"}],"version-history":[{"count":2,"href":"https:\/\/www.prus.sosnowiec.pl\/index.php\/wp-json\/wp\/v2\/pages\/6340\/revisions"}],"predecessor-version":[{"id":6342,"href":"https:\/\/www.prus.sosnowiec.pl\/index.php\/wp-json\/wp\/v2\/pages\/6340\/revisions\/6342"}],"up":[{"embeddable":true,"href":"https:\/\/www.prus.sosnowiec.pl\/index.php\/wp-json\/wp\/v2\/pages\/1818"}],"wp:featuredmedia":[{"embeddable":true,"href":"https:\/\/www.prus.sosnowiec.pl\/index.php\/wp-json\/wp\/v2\/media\/6327"}],"wp:attachment":[{"href":"https:\/\/www.prus.sosnowiec.pl\/index.php\/wp-json\/wp\/v2\/media?parent=6340"}],"curies":[{"name":"wp","href":"https:\/\/api.w.org\/{rel}","templated":true}]}}