{"id":9517,"date":"2022-05-11T13:54:34","date_gmt":"2022-05-11T11:54:34","guid":{"rendered":"http:\/\/www.prus.sosnowiec.pl\/?page_id=9517"},"modified":"2025-05-28T12:32:06","modified_gmt":"2025-05-28T10:32:06","slug":"nowiny-prusa","status":"publish","type":"page","link":"https:\/\/www.prus.sosnowiec.pl\/index.php\/dla-ucznia\/nowiny-prusa\/","title":{"rendered":"Nowiny Prusa"},"content":{"rendered":"<h1 style=\"text-align: center;\"><span style=\"color: #0000ff;\">Ju\u017c jest!<\/span><\/h1>\n<p style=\"text-align: center;\"><span style=\"color: #ff0000;\">Niedawno zosta\u0142 opublikowany kolejny numer gazetki szkolnej &#8211; Nowiny Prusa. Nasza redakcja gor\u0105co zach\u0119ca uczni\u00f3w, jak i nauczycieli do przeczytania ciekawych artyku\u0142\u00f3w.<\/span><br \/>\n<span style=\"color: #ff0000;\">Milej lektury!<\/span><\/p>\n<p style=\"text-align: right;\"><span style=\"color: #339966;\">Natsu<\/span> &#8211; redaktor naczelna.<\/p>\n<h1 style=\"text-align: center;\"><span style=\"color: #0000ff;\">Nowiny Prusa nr 1<\/span><\/h1>\n<h1 style=\"text-align: center;\"><span style=\"color: #0000ff;\"> 2022<\/span><\/h1>\n<p style=\"text-align: left;\">Nowiny Prusa nr 1- pa\u017adziernik 2022<\/p>\n<p style=\"text-align: left;\"><iframe style=\"width: 100%; height: 500px;\" src=\"http:\/\/docs.google.com\/gview?url=https:\/\/serwer1476418.home.pl\/new\/wp-content\/uploads\/2022\/10\/Gazetka-nr-1-2022.pdf&amp;embedded=true\" frameborder=\"0\"><\/iframe><a href=\"https:\/\/serwer1476418.home.pl\/new\/wp-content\/uploads\/2022\/10\/Gazetka-nr-1-2022.pdf\">Gazetka nr 1 2022<\/a><\/p>\n<h1 style=\"text-align: center;\"><span style=\"color: #0000ff;\">Nowiny Prusa nr 2<\/span><\/h1>\n<p>Nowiny Prusa nr 1 &#8211; maj 2022<\/p>\n<p><iframe style=\"width: 100%; height: 500px;\" src=\"http:\/\/docs.google.com\/gview?url=https:\/\/serwer1476418.home.pl\/new\/wp-content\/uploads\/2022\/05\/Nowiny-Prusa-nr-1.pdf&amp;embedded=true\" frameborder=\"0\"><\/iframe><a href=\"https:\/\/serwer1476418.home.pl\/new\/wp-content\/uploads\/2022\/05\/Nowiny-Prusa-nr-1.pdf\">Nowiny Prusa nr 1<\/a><\/p>\n<p>&nbsp;<\/p>\n<h1 style=\"text-align: center;\"><span style=\"color: #0000ff;\">Nowiny Prusa<\/span><span style=\"color: #0000ff;\"> 3<\/span><\/h1>\n<p>&nbsp;<\/p>\n<p><iframe style=\"width: 100%; height: 500px;\" src=\"http:\/\/docs.google.com\/gview?url=https:\/\/serwer1476418.home.pl\/new\/wp-content\/uploads\/2022\/06\/Gazetka-nr-2.pdf&amp;embedded=true\" frameborder=\"0\"><\/iframe><a href=\"https:\/\/serwer1476418.home.pl\/new\/wp-content\/uploads\/2022\/06\/Gazetka-nr-2.pdf\">Gazetka nr 2<\/a><\/p>\n<p style=\"text-align: left;\">&nbsp;<\/p>\n<h1 style=\"text-align: center;\"><span style=\"color: #0000ff;\">Nowiny Prusa nr 4<\/span><\/h1>\n<p><iframe style=\"width: 100%; height: 500px;\" src=\"http:\/\/docs.google.com\/gview?url=https:\/\/serwer1476418.home.pl\/new\/wp-content\/uploads\/2023\/03\/Nr-3-styczen-luty-2023-Wersja-koncowa.pdf&amp;embedded=true\" frameborder=\"0\"><\/iframe><a href=\"https:\/\/serwer1476418.home.pl\/new\/wp-content\/uploads\/2023\/03\/Nr-3-styczen-luty-2023-Wersja-koncowa.pdf\">Nr 3 styczen, luty 2023 Wersja ko\u0144cowa<\/a><\/p>\n<p>&nbsp;<\/p>\n<p>&nbsp;<\/p>\n<h1 style=\"text-align: center;\"><span style=\"color: #0000ff;\">Nowiny Prusa<\/span><span style=\"color: #0000ff;\"> 5<\/span><\/h1>\n<p><iframe style=\"width: 100%; height: 500px;\" src=\"http:\/\/docs.google.com\/gview?url=https:\/\/serwer1476418.home.pl\/new\/wp-content\/uploads\/2025\/05\/Nr-4-listopadgrudzien-2022.pdf&amp;embedded=true\" frameborder=\"0\"><\/iframe><a href=\"https:\/\/serwer1476418.home.pl\/new\/wp-content\/uploads\/2025\/05\/Nr-4-listopadgrudzien-2022.pdf\">Nr-4-listopadgrudzien-2022<\/a><\/p>\n<h1 style=\"text-align: center;\"><span style=\"color: #0000ff;\">Nowiny Prusa<\/span><span style=\"color: #0000ff;\"> 6<\/span><\/h1>\n<p>&nbsp;<\/p>\n<p><iframe style=\"width: 100%; height: 500px;\" src=\"http:\/\/docs.google.com\/gview?url=https:\/\/serwer1476418.home.pl\/new\/wp-content\/uploads\/2023\/04\/NOWINYPRUSAkwiecien-maj-2023.pdf&amp;embedded=true\" frameborder=\"0\"><\/iframe><a href=\"https:\/\/serwer1476418.home.pl\/new\/wp-content\/uploads\/2023\/04\/NOWINYPRUSAkwiecien-maj-2023.pdf\">NOWINYPRUSA)kwiecien maj 2023<\/a><\/p>\n<p>&nbsp;<\/p>\n<p>&nbsp;<\/p>\n<h1 style=\"text-align: center;\"><span style=\"color: #0000ff;\">Nowiny Prusa nr 7<\/span><\/h1>\n<p><iframe style=\"width: 100%; height: 500px;\" src=\"http:\/\/docs.google.com\/gview?url=https:\/\/serwer1476418.home.pl\/new\/wp-content\/uploads\/2023\/10\/WRZESIEn-2023-1-poprawiony.pdf&amp;embedded=true\" frameborder=\"0\"><\/iframe><a href=\"https:\/\/serwer1476418.home.pl\/new\/wp-content\/uploads\/2023\/10\/WRZESIEn-2023-1-poprawiony.pdf\">Wrzesie\u0144, pa\u017adziernik 2023 1<\/a><\/p>\n<p>&nbsp;<\/p>\n<h1 style=\"text-align: center;\"><span style=\"color: #0000ff;\">Nowiny Prusa nr 8<br \/>\n<\/span><\/h1>\n<p>Marzec 2024 nr 1<\/p>\n<p><iframe style=\"width: 100%; height: 500px;\" src=\"http:\/\/docs.google.com\/gview?url=https:\/\/serwer1476418.home.pl\/new\/wp-content\/uploads\/2024\/10\/Nowiny-Prusa-III-2024.pdf&amp;embedded=true\" frameborder=\"0\"><\/iframe><a href=\"https:\/\/serwer1476418.home.pl\/new\/wp-content\/uploads\/2024\/10\/Nowiny-Prusa-III-2024.pdf\">Nowiny Prusa III 2024<\/a><\/p>\n<p>&nbsp;<\/p>\n<h1 style=\"text-align: center;\"><span style=\"color: #0000ff;\"><strong>Nowiny Prus nr 9<\/strong><\/span><\/h1>\n<p><iframe style=\"width: 100%; height: 500px;\" src=\"http:\/\/docs.google.com\/gview?url=https:\/\/serwer1476418.home.pl\/new\/wp-content\/uploads\/2024\/12\/gazetka-popr.pdf&amp;embedded=true\" frameborder=\"0\"><\/iframe><a href=\"https:\/\/serwer1476418.home.pl\/new\/wp-content\/uploads\/2024\/12\/gazetka-popr.pdf\">gazetka-popr<\/a><\/p>\n<p>&nbsp;<\/p>\n<h1 style=\"text-align: center;\"><span style=\"color: #0000ff;\"><strong>Nowiny Prus nr 10<\/strong><\/span><\/h1>\n<p><iframe style=\"width: 100%; height: 500px;\" src=\"http:\/\/docs.google.com\/gview?url=https:\/\/serwer1476418.home.pl\/new\/wp-content\/uploads\/2025\/05\/gazetkaszkolnanr10-5x.pdf&amp;embedded=true\" frameborder=\"0\"><\/iframe><a href=\"https:\/\/serwer1476418.home.pl\/new\/wp-content\/uploads\/2025\/05\/gazetkaszkolnanr10-5x.pdf\">gazetkaszkolnanr10-5x<\/a><\/p>\n","protected":false},"excerpt":{"rendered":"<p>Ju\u017c jest! Niedawno zosta\u0142 opublikowany kolejny numer gazetki szkolnej &#8211; Nowiny Prusa. Nasza redakcja gor\u0105co zach\u0119ca uczni\u00f3w, jak i nauczycieli do przeczytania ciekawych artyku\u0142\u00f3w. Milej lektury! Natsu &#8211; redaktor naczelna. Nowiny Prusa nr 1 2022 Nowiny Prusa nr 1- pa\u017adziernik 2022 Gazetka nr 1 2022 Nowiny Prusa nr 2 Nowiny Prusa nr 1 &#8211; maj [&hellip;]<\/p>\n","protected":false},"author":10,"featured_media":0,"parent":11,"menu_order":0,"comment_status":"closed","ping_status":"closed","template":"","meta":{"ngg_post_thumbnail":0,"footnotes":"","_links_to":"","_links_to_target":""},"class_list":["post-9517","page","type-page","status-publish","hentry"],"_links":{"self":[{"href":"https:\/\/www.prus.sosnowiec.pl\/index.php\/wp-json\/wp\/v2\/pages\/9517","targetHints":{"allow":["GET"]}}],"collection":[{"href":"https:\/\/www.prus.sosnowiec.pl\/index.php\/wp-json\/wp\/v2\/pages"}],"about":[{"href":"https:\/\/www.prus.sosnowiec.pl\/index.php\/wp-json\/wp\/v2\/types\/page"}],"author":[{"embeddable":true,"href":"https:\/\/www.prus.sosnowiec.pl\/index.php\/wp-json\/wp\/v2\/users\/10"}],"replies":[{"embeddable":true,"href":"https:\/\/www.prus.sosnowiec.pl\/index.php\/wp-json\/wp\/v2\/comments?post=9517"}],"version-history":[{"count":27,"href":"https:\/\/www.prus.sosnowiec.pl\/index.php\/wp-json\/wp\/v2\/pages\/9517\/revisions"}],"predecessor-version":[{"id":17345,"href":"https:\/\/www.prus.sosnowiec.pl\/index.php\/wp-json\/wp\/v2\/pages\/9517\/revisions\/17345"}],"up":[{"embeddable":true,"href":"https:\/\/www.prus.sosnowiec.pl\/index.php\/wp-json\/wp\/v2\/pages\/11"}],"wp:attachment":[{"href":"https:\/\/www.prus.sosnowiec.pl\/index.php\/wp-json\/wp\/v2\/media?parent=9517"}],"curies":[{"name":"wp","href":"https:\/\/api.w.org\/{rel}","templated":true}]}}